{"id":528,"date":"2019-12-13T16:02:23","date_gmt":"2019-12-13T13:02:23","guid":{"rendered":"http:\/\/artemavitra.com\/?page_id=528"},"modified":"2019-12-23T14:21:09","modified_gmt":"2019-12-23T11:21:09","slug":"arnavutkoy","status":"publish","type":"page","link":"https:\/\/artemavitra.com\/index.php\/arnavutkoy\/","title":{"rendered":"Arnavutk\u00f6y"},"content":{"rendered":"\n<p style=\"font-size:25px\"> <strong>Mavi Yap\u0131 Tesisat Olarak Sorumlu Oldu\u011fumuz Arnavutk\u00f6y Mahalleleri<\/strong> <\/p>\n\n\n\n<div class=\"wp-block-button\"><a class=\"wp-block-button__link has-background has-vivid-cyan-blue-background-color\" href=\"tel:02124232383\">B\u0130ZE ULA\u015eIN<\/a><\/div>\n\n\n\n<p class=\"has-medium-font-size\"><br>Deliklikaya Mahallesi<br>Dursunk\u00f6y Mahallesi <br>Had\u0131mk\u00f6y Mahallesi <br>Hastane Mahallesi <br>Yass\u0131\u00f6ren Mahallesi <br>\u00d6merli Mahallesi <br>Ye\u015filbay\u0131r Mahallesi <\/p>\n","protected":false},"excerpt":{"rendered":"<p>Mavi Yap\u0131 Tesisat Olarak Sorumlu Oldu\u011fumuz Arnavutk\u00f6y Mahalleleri Deliklikaya MahallesiDursunk\u00f6y Mahallesi Had\u0131mk\u00f6y Mahallesi Hastane Mahallesi Yass\u0131\u00f6ren Mahallesi \u00d6merli Mahallesi Ye\u015filbay\u0131r&hellip;<\/p>\n","protected":false},"author":1,"featured_media":0,"parent":0,"menu_order":0,"comment_status":"closed","ping_status":"closed","template":"","meta":{"footnotes":""},"class_list":["post-528","page","type-page","status-publish","hentry"],"jetpack_sharing_enabled":true,"_links":{"self":[{"href":"https:\/\/artemavitra.com\/index.php\/wp-json\/wp\/v2\/pages\/528","targetHints":{"allow":["GET"]}}],"collection":[{"href":"https:\/\/artemavitra.com\/index.php\/wp-json\/wp\/v2\/pages"}],"about":[{"href":"https:\/\/artemavitra.com\/index.php\/wp-json\/wp\/v2\/types\/page"}],"author":[{"embeddable":true,"href":"https:\/\/artemavitra.com\/index.php\/wp-json\/wp\/v2\/users\/1"}],"replies":[{"embeddable":true,"href":"https:\/\/artemavitra.com\/index.php\/wp-json\/wp\/v2\/comments?post=528"}],"version-history":[{"count":3,"href":"https:\/\/artemavitra.com\/index.php\/wp-json\/wp\/v2\/pages\/528\/revisions"}],"predecessor-version":[{"id":3057,"href":"https:\/\/artemavitra.com\/index.php\/wp-json\/wp\/v2\/pages\/528\/revisions\/3057"}],"wp:attachment":[{"href":"https:\/\/artemavitra.com\/index.php\/wp-json\/wp\/v2\/media?parent=528"}],"curies":[{"name":"wp","href":"https:\/\/api.w.org\/{rel}","templated":true}]}}