{"id":532,"date":"2019-12-13T16:05:22","date_gmt":"2019-12-13T13:05:22","guid":{"rendered":"http:\/\/artemavitra.com\/?page_id=532"},"modified":"2019-12-23T14:21:25","modified_gmt":"2019-12-23T11:21:25","slug":"basaksehir","status":"publish","type":"page","link":"https:\/\/artemavitra.com\/index.php\/basaksehir\/","title":{"rendered":"Ba\u015fak\u015fehir"},"content":{"rendered":"\n<p style=\"font-size:25px\"> <strong>Mavi Yap\u0131 Tesisat Olarak Sorumlu Oldu\u011fumuz Ba\u015fak\u015fehir Mahalleleri<\/strong> <\/p>\n\n\n\n<div class=\"wp-block-button\"><a class=\"wp-block-button__link has-background has-vivid-cyan-blue-background-color\" href=\"tel:02124232383\">B\u0130ZE ULA\u015eIN<\/a><\/div>\n\n\n\n<p class=\"has-medium-font-size\"><br>Bah\u00e7e\u015fehir 1.K\u0131s\u0131m Mahallesi<br>Bah\u00e7e\u015fehir 2.K\u0131s\u0131m Mahallesi <\/p>\n","protected":false},"excerpt":{"rendered":"<p>Mavi Yap\u0131 Tesisat Olarak Sorumlu Oldu\u011fumuz Ba\u015fak\u015fehir Mahalleleri Bah\u00e7e\u015fehir 1.K\u0131s\u0131m MahallesiBah\u00e7e\u015fehir 2.K\u0131s\u0131m Mahallesi<\/p>\n","protected":false},"author":1,"featured_media":0,"parent":0,"menu_order":0,"comment_status":"closed","ping_status":"closed","template":"","meta":{"footnotes":""},"class_list":["post-532","page","type-page","status-publish","hentry"],"jetpack_sharing_enabled":true,"_links":{"self":[{"href":"https:\/\/artemavitra.com\/index.php\/wp-json\/wp\/v2\/pages\/532","targetHints":{"allow":["GET"]}}],"collection":[{"href":"https:\/\/artemavitra.com\/index.php\/wp-json\/wp\/v2\/pages"}],"about":[{"href":"https:\/\/artemavitra.com\/index.php\/wp-json\/wp\/v2\/types\/page"}],"author":[{"embeddable":true,"href":"https:\/\/artemavitra.com\/index.php\/wp-json\/wp\/v2\/users\/1"}],"replies":[{"embeddable":true,"href":"https:\/\/artemavitra.com\/index.php\/wp-json\/wp\/v2\/comments?post=532"}],"version-history":[{"count":2,"href":"https:\/\/artemavitra.com\/index.php\/wp-json\/wp\/v2\/pages\/532\/revisions"}],"predecessor-version":[{"id":3058,"href":"https:\/\/artemavitra.com\/index.php\/wp-json\/wp\/v2\/pages\/532\/revisions\/3058"}],"wp:attachment":[{"href":"https:\/\/artemavitra.com\/index.php\/wp-json\/wp\/v2\/media?parent=532"}],"curies":[{"name":"wp","href":"https:\/\/api.w.org\/{rel}","templated":true}]}}