{"id":534,"date":"2019-12-13T16:08:52","date_gmt":"2019-12-13T13:08:52","guid":{"rendered":"http:\/\/artemavitra.com\/?page_id=534"},"modified":"2019-12-23T14:21:48","modified_gmt":"2019-12-23T11:21:48","slug":"esenyurt","status":"publish","type":"page","link":"https:\/\/artemavitra.com\/index.php\/esenyurt\/","title":{"rendered":"Esenyurt"},"content":{"rendered":"\n<p style=\"font-size:25px\"> <strong>Mavi Yap\u0131 Tesisat Olarak Sorumlu Oldu\u011fumuz Esenyurt Mahalleleri<\/strong> <\/p>\n\n\n\n<div class=\"wp-block-button\"><a class=\"wp-block-button__link has-background has-vivid-cyan-blue-background-color\" href=\"tel:02124232383\">B\u0130ZE ULA\u015eIN<\/a><\/div>\n\n\n\n<p class=\"has-medium-font-size\"><br>Ak\u00e7aburgaz Mahallesi<br>Ard\u0131\u00e7l\u0131 Mahallesi <br>Atat\u00fcrk Mahallesi <br>Cumhuriyet Mahallesi <br>Esenkent Mahallesi <br>Fatih Mahallesi <br>G\u00fczelyurt Mahallesi <br>\u0130ncirtepe Mahallesi <br>\u0130n\u00f6n\u00fc Mahallesi <br>\u0130stiklal Mahallesi <br>Mehter\u00e7e\u015fme Mahallesi <br>Merkez Mahallesi <br>Nam\u0131k Kemal Mahallesi <br>\u00d6rnek Mahallesi <br>P\u0131nar Mahallesi <br>Saadetdere Mahallesi <br>Sanayi Mahallesi <br>Talatpa\u015fa Mahallesi <br>Yenikent Mahallesi <br>Ye\u015filkent Mahallesi <br>K\u0131ra\u00e7<\/p>\n","protected":false},"excerpt":{"rendered":"<p>Mavi Yap\u0131 Tesisat Olarak Sorumlu Oldu\u011fumuz Esenyurt Mahalleleri Ak\u00e7aburgaz MahallesiArd\u0131\u00e7l\u0131 Mahallesi Atat\u00fcrk Mahallesi Cumhuriyet Mahallesi Esenkent Mahallesi Fatih Mahallesi G\u00fczelyurt&hellip;<\/p>\n","protected":false},"author":1,"featured_media":0,"parent":0,"menu_order":0,"comment_status":"closed","ping_status":"closed","template":"","meta":{"footnotes":""},"class_list":["post-534","page","type-page","status-publish","hentry"],"jetpack_sharing_enabled":true,"_links":{"self":[{"href":"https:\/\/artemavitra.com\/index.php\/wp-json\/wp\/v2\/pages\/534","targetHints":{"allow":["GET"]}}],"collection":[{"href":"https:\/\/artemavitra.com\/index.php\/wp-json\/wp\/v2\/pages"}],"about":[{"href":"https:\/\/artemavitra.com\/index.php\/wp-json\/wp\/v2\/types\/page"}],"author":[{"embeddable":true,"href":"https:\/\/artemavitra.com\/index.php\/wp-json\/wp\/v2\/users\/1"}],"replies":[{"embeddable":true,"href":"https:\/\/artemavitra.com\/index.php\/wp-json\/wp\/v2\/comments?post=534"}],"version-history":[{"count":2,"href":"https:\/\/artemavitra.com\/index.php\/wp-json\/wp\/v2\/pages\/534\/revisions"}],"predecessor-version":[{"id":3060,"href":"https:\/\/artemavitra.com\/index.php\/wp-json\/wp\/v2\/pages\/534\/revisions\/3060"}],"wp:attachment":[{"href":"https:\/\/artemavitra.com\/index.php\/wp-json\/wp\/v2\/media?parent=534"}],"curies":[{"name":"wp","href":"https:\/\/api.w.org\/{rel}","templated":true}]}}