{"id":1017,"date":"2019-12-16T12:27:04","date_gmt":"2019-12-16T09:27:04","guid":{"rendered":"http:\/\/artemavitra.com\/?post_type=product&#038;p=1017"},"modified":"2024-07-22T15:43:09","modified_gmt":"2024-07-22T12:43:09","slug":"depo-su-akis-yonlendiricisi-315369yp1te","status":"publish","type":"product","link":"https:\/\/artemavitra.com\/index.php\/urun\/depo-su-akis-yonlendiricisi-315369yp1te\/","title":{"rendered":"Depo su ak\u0131\u015f y\u00f6nlendiricisi (315369YP1TE)"},"content":{"rendered":"<p>INT versiyon<\/p>\n","protected":false},"excerpt":{"rendered":"<p>INT versiyon<\/p>\n","protected":false},"featured_media":1018,"comment_status":"open","ping_status":"closed","template":"","meta":[],"product_brand":[],"product_cat":[18],"product_tag":[1377,572,1378,21,303,20,568,726,1361,712,1379],"class_list":{"0":"post-1017","1":"product","2":"type-product","3":"status-publish","4":"has-post-thumbnail","6":"product_cat-klozet-kapaklari","7":"product_tag-315369yp1te","8":"product_tag-akis","9":"product_tag-depo","10":"product_tag-kapak","11":"product_tag-kapaklari","12":"product_tag-klozet","13":"product_tag-su","14":"product_tag-tamamlayici","15":"product_tag-urun","16":"product_tag-urunler","17":"product_tag-yonlendiricisi","19":"first","20":"outofstock","21":"shipping-taxable","22":"product-type-simple"},"jetpack_sharing_enabled":true,"_links":{"self":[{"href":"https:\/\/artemavitra.com\/index.php\/wp-json\/wp\/v2\/product\/1017","targetHints":{"allow":["GET"]}}],"collection":[{"href":"https:\/\/artemavitra.com\/index.php\/wp-json\/wp\/v2\/product"}],"about":[{"href":"https:\/\/artemavitra.com\/index.php\/wp-json\/wp\/v2\/types\/product"}],"replies":[{"embeddable":true,"href":"https:\/\/artemavitra.com\/index.php\/wp-json\/wp\/v2\/comments?post=1017"}],"version-history":[{"count":1,"href":"https:\/\/artemavitra.com\/index.php\/wp-json\/wp\/v2\/product\/1017\/revisions"}],"predecessor-version":[{"id":1019,"href":"https:\/\/artemavitra.com\/index.php\/wp-json\/wp\/v2\/product\/1017\/revisions\/1019"}],"wp:featuredmedia":[{"embeddable":true,"href":"https:\/\/artemavitra.com\/index.php\/wp-json\/wp\/v2\/media\/1018"}],"wp:attachment":[{"href":"https:\/\/artemavitra.com\/index.php\/wp-json\/wp\/v2\/media?parent=1017"}],"wp:term":[{"taxonomy":"product_brand","embeddable":true,"href":"https:\/\/artemavitra.com\/index.php\/wp-json\/wp\/v2\/product_brand?post=1017"},{"taxonomy":"product_cat","embeddable":true,"href":"https:\/\/artemavitra.com\/index.php\/wp-json\/wp\/v2\/product_cat?post=1017"},{"taxonomy":"product_tag","embeddable":true,"href":"https:\/\/artemavitra.com\/index.php\/wp-json\/wp\/v2\/product_tag?post=1017"}],"curies":[{"name":"wp","href":"https:\/\/api.w.org\/{rel}","templated":true}]}}