{"id":1038,"date":"2019-12-16T12:42:15","date_gmt":"2019-12-16T09:42:15","guid":{"rendered":"http:\/\/artemavitra.com\/?post_type=product&#038;p=1038"},"modified":"2024-07-22T15:43:00","modified_gmt":"2024-07-22T12:43:00","slug":"kontrol-paneli-cercevesi-315290yp1te","status":"publish","type":"product","link":"https:\/\/artemavitra.com\/index.php\/urun\/kontrol-paneli-cercevesi-315290yp1te\/","title":{"rendered":"Kontrol paneli \u00e7er\u00e7evesi (315290YP1TE)"},"content":{"rendered":"<p>Sa\u011f<\/p>\n","protected":false},"excerpt":{"rendered":"<p>Sa\u011f<\/p>\n","protected":false},"featured_media":1039,"comment_status":"open","ping_status":"closed","template":"","meta":[],"product_brand":[],"product_cat":[18],"product_tag":[1385,690,21,303,20,531,1386,726,1361,712],"class_list":{"0":"post-1038","1":"product","2":"type-product","3":"status-publish","4":"has-post-thumbnail","6":"product_cat-klozet-kapaklari","7":"product_tag-315290yp1te","8":"product_tag-cercevesi","9":"product_tag-kapak","10":"product_tag-kapaklari","11":"product_tag-klozet","12":"product_tag-kontrol","13":"product_tag-paneli","14":"product_tag-tamamlayici","15":"product_tag-urun","16":"product_tag-urunler","18":"first","19":"outofstock","20":"shipping-taxable","21":"product-type-simple"},"jetpack_sharing_enabled":true,"_links":{"self":[{"href":"https:\/\/artemavitra.com\/index.php\/wp-json\/wp\/v2\/product\/1038","targetHints":{"allow":["GET"]}}],"collection":[{"href":"https:\/\/artemavitra.com\/index.php\/wp-json\/wp\/v2\/product"}],"about":[{"href":"https:\/\/artemavitra.com\/index.php\/wp-json\/wp\/v2\/types\/product"}],"replies":[{"embeddable":true,"href":"https:\/\/artemavitra.com\/index.php\/wp-json\/wp\/v2\/comments?post=1038"}],"version-history":[{"count":1,"href":"https:\/\/artemavitra.com\/index.php\/wp-json\/wp\/v2\/product\/1038\/revisions"}],"predecessor-version":[{"id":1040,"href":"https:\/\/artemavitra.com\/index.php\/wp-json\/wp\/v2\/product\/1038\/revisions\/1040"}],"wp:featuredmedia":[{"embeddable":true,"href":"https:\/\/artemavitra.com\/index.php\/wp-json\/wp\/v2\/media\/1039"}],"wp:attachment":[{"href":"https:\/\/artemavitra.com\/index.php\/wp-json\/wp\/v2\/media?parent=1038"}],"wp:term":[{"taxonomy":"product_brand","embeddable":true,"href":"https:\/\/artemavitra.com\/index.php\/wp-json\/wp\/v2\/product_brand?post=1038"},{"taxonomy":"product_cat","embeddable":true,"href":"https:\/\/artemavitra.com\/index.php\/wp-json\/wp\/v2\/product_cat?post=1038"},{"taxonomy":"product_tag","embeddable":true,"href":"https:\/\/artemavitra.com\/index.php\/wp-json\/wp\/v2\/product_tag?post=1038"}],"curies":[{"name":"wp","href":"https:\/\/api.w.org\/{rel}","templated":true}]}}