{"id":1060,"date":"2019-12-16T12:55:52","date_gmt":"2019-12-16T09:55:52","guid":{"rendered":"http:\/\/artemavitra.com\/?post_type=product&#038;p=1060"},"modified":"2024-07-22T15:42:51","modified_gmt":"2024-07-22T12:42:51","slug":"pirinc-govde-431262yp1te","status":"publish","type":"product","link":"https:\/\/artemavitra.com\/index.php\/urun\/pirinc-govde-431262yp1te\/","title":{"rendered":"Pirin\u00e7 g\u00f6vde (431262YP1TE)"},"content":{"rendered":"<p>Selenoid yuvas\u0131 d\u0131\u015ftan di\u015fli<br \/>\nNipelli<\/p>\n","protected":false},"excerpt":{"rendered":"<p>Selenoid yuvas\u0131 d\u0131\u015ftan di\u015fli Nipelli<\/p>\n","protected":false},"featured_media":1061,"comment_status":"open","ping_status":"closed","template":"","meta":[],"product_brand":[],"product_cat":[631],"product_tag":[1397,665,1399,1398,643,629,364,670,669,138,600,256,634,664,568,726,1361,712,633,638],"class_list":{"0":"post-1060","1":"product","2":"type-product","3":"status-publish","4":"has-post-thumbnail","6":"product_cat-yikama-sistemleri","7":"product_tag-431262yp1te","8":"product_tag-alti","9":"product_tag-disli","10":"product_tag-distan","11":"product_tag-fotosel","12":"product_tag-giris","13":"product_tag-govde","14":"product_tag-nipelli","15":"product_tag-pirinc","16":"product_tag-pisuvar","17":"product_tag-selenoid","18":"product_tag-sistem","19":"product_tag-sistemleri","20":"product_tag-siva","21":"product_tag-su","22":"product_tag-tamamlayici","23":"product_tag-urun","24":"product_tag-urunler","25":"product_tag-yikama","26":"product_tag-yuvasi","28":"first","29":"outofstock","30":"shipping-taxable","31":"product-type-simple"},"jetpack_sharing_enabled":true,"_links":{"self":[{"href":"https:\/\/artemavitra.com\/index.php\/wp-json\/wp\/v2\/product\/1060","targetHints":{"allow":["GET"]}}],"collection":[{"href":"https:\/\/artemavitra.com\/index.php\/wp-json\/wp\/v2\/product"}],"about":[{"href":"https:\/\/artemavitra.com\/index.php\/wp-json\/wp\/v2\/types\/product"}],"replies":[{"embeddable":true,"href":"https:\/\/artemavitra.com\/index.php\/wp-json\/wp\/v2\/comments?post=1060"}],"version-history":[{"count":1,"href":"https:\/\/artemavitra.com\/index.php\/wp-json\/wp\/v2\/product\/1060\/revisions"}],"predecessor-version":[{"id":1062,"href":"https:\/\/artemavitra.com\/index.php\/wp-json\/wp\/v2\/product\/1060\/revisions\/1062"}],"wp:featuredmedia":[{"embeddable":true,"href":"https:\/\/artemavitra.com\/index.php\/wp-json\/wp\/v2\/media\/1061"}],"wp:attachment":[{"href":"https:\/\/artemavitra.com\/index.php\/wp-json\/wp\/v2\/media?parent=1060"}],"wp:term":[{"taxonomy":"product_brand","embeddable":true,"href":"https:\/\/artemavitra.com\/index.php\/wp-json\/wp\/v2\/product_brand?post=1060"},{"taxonomy":"product_cat","embeddable":true,"href":"https:\/\/artemavitra.com\/index.php\/wp-json\/wp\/v2\/product_cat?post=1060"},{"taxonomy":"product_tag","embeddable":true,"href":"https:\/\/artemavitra.com\/index.php\/wp-json\/wp\/v2\/product_tag?post=1060"}],"curies":[{"name":"wp","href":"https:\/\/api.w.org\/{rel}","templated":true}]}}