{"id":1072,"date":"2019-12-16T13:00:52","date_gmt":"2019-12-16T10:00:52","guid":{"rendered":"http:\/\/artemavitra.com\/?post_type=product&#038;p=1072"},"modified":"2024-07-22T15:42:45","modified_gmt":"2024-07-22T12:42:45","slug":"pisuvar-ara-baglanti-boru-ve-contasi-424315p1te","status":"publish","type":"product","link":"https:\/\/artemavitra.com\/index.php\/urun\/pisuvar-ara-baglanti-boru-ve-contasi-424315p1te\/","title":{"rendered":"Pisuvar ara ba\u011flant\u0131 boru ve contas\u0131 (424315P1TE)"},"content":{"rendered":"","protected":false},"excerpt":{"rendered":"","protected":false},"featured_media":1073,"comment_status":"open","ping_status":"closed","template":"","meta":[],"product_brand":[],"product_cat":[631],"product_tag":[1403,665,741,689,272,659,643,629,138,256,634,664,568,726,1361,712,966,633],"class_list":{"0":"post-1072","1":"product","2":"type-product","3":"status-publish","4":"has-post-thumbnail","6":"product_cat-yikama-sistemleri","7":"product_tag-424315p1te","8":"product_tag-alti","9":"product_tag-ara","10":"product_tag-baglanti","11":"product_tag-boru","12":"product_tag-contasi","13":"product_tag-fotosel","14":"product_tag-giris","15":"product_tag-pisuvar","16":"product_tag-sistem","17":"product_tag-sistemleri","18":"product_tag-siva","19":"product_tag-su","20":"product_tag-tamamlayici","21":"product_tag-urun","22":"product_tag-urunler","23":"product_tag-ve","24":"product_tag-yikama","26":"first","27":"outofstock","28":"shipping-taxable","29":"product-type-simple"},"jetpack_sharing_enabled":true,"_links":{"self":[{"href":"https:\/\/artemavitra.com\/index.php\/wp-json\/wp\/v2\/product\/1072","targetHints":{"allow":["GET"]}}],"collection":[{"href":"https:\/\/artemavitra.com\/index.php\/wp-json\/wp\/v2\/product"}],"about":[{"href":"https:\/\/artemavitra.com\/index.php\/wp-json\/wp\/v2\/types\/product"}],"replies":[{"embeddable":true,"href":"https:\/\/artemavitra.com\/index.php\/wp-json\/wp\/v2\/comments?post=1072"}],"version-history":[{"count":1,"href":"https:\/\/artemavitra.com\/index.php\/wp-json\/wp\/v2\/product\/1072\/revisions"}],"predecessor-version":[{"id":1074,"href":"https:\/\/artemavitra.com\/index.php\/wp-json\/wp\/v2\/product\/1072\/revisions\/1074"}],"wp:featuredmedia":[{"embeddable":true,"href":"https:\/\/artemavitra.com\/index.php\/wp-json\/wp\/v2\/media\/1073"}],"wp:attachment":[{"href":"https:\/\/artemavitra.com\/index.php\/wp-json\/wp\/v2\/media?parent=1072"}],"wp:term":[{"taxonomy":"product_brand","embeddable":true,"href":"https:\/\/artemavitra.com\/index.php\/wp-json\/wp\/v2\/product_brand?post=1072"},{"taxonomy":"product_cat","embeddable":true,"href":"https:\/\/artemavitra.com\/index.php\/wp-json\/wp\/v2\/product_cat?post=1072"},{"taxonomy":"product_tag","embeddable":true,"href":"https:\/\/artemavitra.com\/index.php\/wp-json\/wp\/v2\/product_tag?post=1072"}],"curies":[{"name":"wp","href":"https:\/\/api.w.org\/{rel}","templated":true}]}}