{"id":1078,"date":"2019-12-16T13:05:06","date_gmt":"2019-12-16T10:05:06","guid":{"rendered":"http:\/\/artemavitra.com\/?post_type=product&#038;p=1078"},"modified":"2024-07-22T15:42:42","modified_gmt":"2024-07-22T12:42:42","slug":"elektrik-baglanti-kablosu-erkek-ve-disli-konnektor-431200yp1te","status":"publish","type":"product","link":"https:\/\/artemavitra.com\/index.php\/urun\/elektrik-baglanti-kablosu-erkek-ve-disli-konnektor-431200yp1te\/","title":{"rendered":"Elektrik ba\u011flant\u0131 kablosu erkek ve di\u015fli konnekt\u00f6r (431200YP1TE)"},"content":{"rendered":"","protected":false},"excerpt":{"rendered":"","protected":false},"featured_media":1079,"comment_status":"open","ping_status":"closed","template":"","meta":[],"product_brand":[],"product_cat":[631],"product_tag":[1405,665,689,1399,1406,823,643,629,566,1407,138,256,634,664,568,726,1361,712,966,633],"class_list":{"0":"post-1078","1":"product","2":"type-product","3":"status-publish","4":"has-post-thumbnail","6":"product_cat-yikama-sistemleri","7":"product_tag-431200yp1te","8":"product_tag-alti","9":"product_tag-baglanti","10":"product_tag-disli","11":"product_tag-elektrik","12":"product_tag-erkek","13":"product_tag-fotosel","14":"product_tag-giris","15":"product_tag-kablosu","16":"product_tag-konnektor","17":"product_tag-pisuvar","18":"product_tag-sistem","19":"product_tag-sistemleri","20":"product_tag-siva","21":"product_tag-su","22":"product_tag-tamamlayici","23":"product_tag-urun","24":"product_tag-urunler","25":"product_tag-ve","26":"product_tag-yikama","28":"first","29":"outofstock","30":"shipping-taxable","31":"product-type-simple"},"jetpack_sharing_enabled":true,"_links":{"self":[{"href":"https:\/\/artemavitra.com\/index.php\/wp-json\/wp\/v2\/product\/1078","targetHints":{"allow":["GET"]}}],"collection":[{"href":"https:\/\/artemavitra.com\/index.php\/wp-json\/wp\/v2\/product"}],"about":[{"href":"https:\/\/artemavitra.com\/index.php\/wp-json\/wp\/v2\/types\/product"}],"replies":[{"embeddable":true,"href":"https:\/\/artemavitra.com\/index.php\/wp-json\/wp\/v2\/comments?post=1078"}],"version-history":[{"count":1,"href":"https:\/\/artemavitra.com\/index.php\/wp-json\/wp\/v2\/product\/1078\/revisions"}],"predecessor-version":[{"id":1080,"href":"https:\/\/artemavitra.com\/index.php\/wp-json\/wp\/v2\/product\/1078\/revisions\/1080"}],"wp:featuredmedia":[{"embeddable":true,"href":"https:\/\/artemavitra.com\/index.php\/wp-json\/wp\/v2\/media\/1079"}],"wp:attachment":[{"href":"https:\/\/artemavitra.com\/index.php\/wp-json\/wp\/v2\/media?parent=1078"}],"wp:term":[{"taxonomy":"product_brand","embeddable":true,"href":"https:\/\/artemavitra.com\/index.php\/wp-json\/wp\/v2\/product_brand?post=1078"},{"taxonomy":"product_cat","embeddable":true,"href":"https:\/\/artemavitra.com\/index.php\/wp-json\/wp\/v2\/product_cat?post=1078"},{"taxonomy":"product_tag","embeddable":true,"href":"https:\/\/artemavitra.com\/index.php\/wp-json\/wp\/v2\/product_tag?post=1078"}],"curies":[{"name":"wp","href":"https:\/\/api.w.org\/{rel}","templated":true}]}}