{"id":1088,"date":"2019-12-16T13:10:47","date_gmt":"2019-12-16T10:10:47","guid":{"rendered":"http:\/\/artemavitra.com\/?post_type=product&#038;p=1088"},"modified":"2024-07-22T15:42:38","modified_gmt":"2024-07-22T12:42:38","slug":"akis-algilayici-sensor-313508yp1te","status":"publish","type":"product","link":"https:\/\/artemavitra.com\/index.php\/urun\/akis-algilayici-sensor-313508yp1te\/","title":{"rendered":"Ak\u0131\u015f alg\u0131lay\u0131c\u0131 sens\u00f6r (313508YP1TE)"},"content":{"rendered":"<p>310-2410, 310-2411, 310-2412, 310-2420, 310-2421, 310-2422<\/p>\n","protected":false},"excerpt":{"rendered":"<p>310-2410, 310-2411, 310-2412, 310-2420, 310-2421, 310-2422<\/p>\n","protected":false},"featured_media":1089,"comment_status":"open","ping_status":"closed","template":"","meta":[],"product_brand":[],"product_cat":[631],"product_tag":[1411,1412,1413,1414,1415,1416,1409,572,1410,665,643,629,138,541,256,634,664,568,726,1361,712,633],"class_list":{"0":"post-1088","1":"product","2":"type-product","3":"status-publish","4":"has-post-thumbnail","6":"product_cat-yikama-sistemleri","7":"product_tag-310-2410","8":"product_tag-310-2411","9":"product_tag-310-2412","10":"product_tag-310-2420","11":"product_tag-310-2421","12":"product_tag-310-2422","13":"product_tag-313508yp1te","14":"product_tag-akis","15":"product_tag-algilayici","16":"product_tag-alti","17":"product_tag-fotosel","18":"product_tag-giris","19":"product_tag-pisuvar","20":"product_tag-sensor","21":"product_tag-sistem","22":"product_tag-sistemleri","23":"product_tag-siva","24":"product_tag-su","25":"product_tag-tamamlayici","26":"product_tag-urun","27":"product_tag-urunler","28":"product_tag-yikama","30":"first","31":"outofstock","32":"shipping-taxable","33":"product-type-simple"},"jetpack_sharing_enabled":true,"_links":{"self":[{"href":"https:\/\/artemavitra.com\/index.php\/wp-json\/wp\/v2\/product\/1088","targetHints":{"allow":["GET"]}}],"collection":[{"href":"https:\/\/artemavitra.com\/index.php\/wp-json\/wp\/v2\/product"}],"about":[{"href":"https:\/\/artemavitra.com\/index.php\/wp-json\/wp\/v2\/types\/product"}],"replies":[{"embeddable":true,"href":"https:\/\/artemavitra.com\/index.php\/wp-json\/wp\/v2\/comments?post=1088"}],"version-history":[{"count":1,"href":"https:\/\/artemavitra.com\/index.php\/wp-json\/wp\/v2\/product\/1088\/revisions"}],"predecessor-version":[{"id":1090,"href":"https:\/\/artemavitra.com\/index.php\/wp-json\/wp\/v2\/product\/1088\/revisions\/1090"}],"wp:featuredmedia":[{"embeddable":true,"href":"https:\/\/artemavitra.com\/index.php\/wp-json\/wp\/v2\/media\/1089"}],"wp:attachment":[{"href":"https:\/\/artemavitra.com\/index.php\/wp-json\/wp\/v2\/media?parent=1088"}],"wp:term":[{"taxonomy":"product_brand","embeddable":true,"href":"https:\/\/artemavitra.com\/index.php\/wp-json\/wp\/v2\/product_brand?post=1088"},{"taxonomy":"product_cat","embeddable":true,"href":"https:\/\/artemavitra.com\/index.php\/wp-json\/wp\/v2\/product_cat?post=1088"},{"taxonomy":"product_tag","embeddable":true,"href":"https:\/\/artemavitra.com\/index.php\/wp-json\/wp\/v2\/product_tag?post=1088"}],"curies":[{"name":"wp","href":"https:\/\/api.w.org\/{rel}","templated":true}]}}