{"id":1097,"date":"2019-12-16T13:14:51","date_gmt":"2019-12-16T10:14:51","guid":{"rendered":"http:\/\/artemavitra.com\/?post_type=product&#038;p=1097"},"modified":"2024-07-22T15:42:35","modified_gmt":"2024-07-22T12:42:35","slug":"adaptor-modulu-313510yp1te","status":"publish","type":"product","link":"https:\/\/artemavitra.com\/index.php\/urun\/adaptor-modulu-313510yp1te\/","title":{"rendered":"Adapt\u00f6r mod\u00fcl\u00fc (313510YP1TE)"},"content":{"rendered":"<p>Sadece 310-2410, 310-2411, 310-2412 i\u00e7in kullan\u0131l\u0131r.<\/p>\n","protected":false},"excerpt":{"rendered":"<p>Sadece 310-2410, 310-2411, 310-2412 i\u00e7in kullan\u0131l\u0131r.<\/p>\n","protected":false},"featured_media":1098,"comment_status":"open","ping_status":"closed","template":"","meta":[],"product_brand":[],"product_cat":[631],"product_tag":[1411,1412,1413,1419,328,665,643,629,166,135,1388,138,354,256,634,664,568,726,1361,712,633],"class_list":{"0":"post-1097","1":"product","2":"type-product","3":"status-publish","4":"has-post-thumbnail","6":"product_cat-yikama-sistemleri","7":"product_tag-310-2410","8":"product_tag-310-2411","9":"product_tag-310-2412","10":"product_tag-313510yp1te","11":"product_tag-adaptor","12":"product_tag-alti","13":"product_tag-fotosel","14":"product_tag-giris","15":"product_tag-icin","16":"product_tag-kullanilir","17":"product_tag-modulu","18":"product_tag-pisuvar","19":"product_tag-sadece","20":"product_tag-sistem","21":"product_tag-sistemleri","22":"product_tag-siva","23":"product_tag-su","24":"product_tag-tamamlayici","25":"product_tag-urun","26":"product_tag-urunler","27":"product_tag-yikama","29":"first","30":"outofstock","31":"shipping-taxable","32":"product-type-simple"},"jetpack_sharing_enabled":true,"_links":{"self":[{"href":"https:\/\/artemavitra.com\/index.php\/wp-json\/wp\/v2\/product\/1097","targetHints":{"allow":["GET"]}}],"collection":[{"href":"https:\/\/artemavitra.com\/index.php\/wp-json\/wp\/v2\/product"}],"about":[{"href":"https:\/\/artemavitra.com\/index.php\/wp-json\/wp\/v2\/types\/product"}],"replies":[{"embeddable":true,"href":"https:\/\/artemavitra.com\/index.php\/wp-json\/wp\/v2\/comments?post=1097"}],"version-history":[{"count":1,"href":"https:\/\/artemavitra.com\/index.php\/wp-json\/wp\/v2\/product\/1097\/revisions"}],"predecessor-version":[{"id":1099,"href":"https:\/\/artemavitra.com\/index.php\/wp-json\/wp\/v2\/product\/1097\/revisions\/1099"}],"wp:featuredmedia":[{"embeddable":true,"href":"https:\/\/artemavitra.com\/index.php\/wp-json\/wp\/v2\/media\/1098"}],"wp:attachment":[{"href":"https:\/\/artemavitra.com\/index.php\/wp-json\/wp\/v2\/media?parent=1097"}],"wp:term":[{"taxonomy":"product_brand","embeddable":true,"href":"https:\/\/artemavitra.com\/index.php\/wp-json\/wp\/v2\/product_brand?post=1097"},{"taxonomy":"product_cat","embeddable":true,"href":"https:\/\/artemavitra.com\/index.php\/wp-json\/wp\/v2\/product_cat?post=1097"},{"taxonomy":"product_tag","embeddable":true,"href":"https:\/\/artemavitra.com\/index.php\/wp-json\/wp\/v2\/product_tag?post=1097"}],"curies":[{"name":"wp","href":"https:\/\/api.w.org\/{rel}","templated":true}]}}