{"id":1100,"date":"2019-12-16T13:16:01","date_gmt":"2019-12-16T10:16:01","guid":{"rendered":"http:\/\/artemavitra.com\/?post_type=product&#038;p=1100"},"modified":"2024-07-22T15:42:33","modified_gmt":"2024-07-22T12:42:33","slug":"helatasi-icin-ara-boru-424310p1te","status":"publish","type":"product","link":"https:\/\/artemavitra.com\/index.php\/urun\/helatasi-icin-ara-boru-424310p1te\/","title":{"rendered":"Helata\u015f\u0131 i\u00e7in ara boru (424310P1TE)"},"content":{"rendered":"","protected":false},"excerpt":{"rendered":"","protected":false},"featured_media":1101,"comment_status":"open","ping_status":"closed","template":"","meta":[],"product_brand":[],"product_cat":[631],"product_tag":[1420,665,741,272,643,629,1421,166,138,256,634,664,568,726,1361,712,633],"class_list":{"0":"post-1100","1":"product","2":"type-product","3":"status-publish","4":"has-post-thumbnail","6":"product_cat-yikama-sistemleri","7":"product_tag-424310p1te","8":"product_tag-alti","9":"product_tag-ara","10":"product_tag-boru","11":"product_tag-fotosel","12":"product_tag-giris","13":"product_tag-helatasi","14":"product_tag-icin","15":"product_tag-pisuvar","16":"product_tag-sistem","17":"product_tag-sistemleri","18":"product_tag-siva","19":"product_tag-su","20":"product_tag-tamamlayici","21":"product_tag-urun","22":"product_tag-urunler","23":"product_tag-yikama","25":"first","26":"outofstock","27":"shipping-taxable","28":"product-type-simple"},"jetpack_sharing_enabled":true,"_links":{"self":[{"href":"https:\/\/artemavitra.com\/index.php\/wp-json\/wp\/v2\/product\/1100","targetHints":{"allow":["GET"]}}],"collection":[{"href":"https:\/\/artemavitra.com\/index.php\/wp-json\/wp\/v2\/product"}],"about":[{"href":"https:\/\/artemavitra.com\/index.php\/wp-json\/wp\/v2\/types\/product"}],"replies":[{"embeddable":true,"href":"https:\/\/artemavitra.com\/index.php\/wp-json\/wp\/v2\/comments?post=1100"}],"version-history":[{"count":1,"href":"https:\/\/artemavitra.com\/index.php\/wp-json\/wp\/v2\/product\/1100\/revisions"}],"predecessor-version":[{"id":1102,"href":"https:\/\/artemavitra.com\/index.php\/wp-json\/wp\/v2\/product\/1100\/revisions\/1102"}],"wp:featuredmedia":[{"embeddable":true,"href":"https:\/\/artemavitra.com\/index.php\/wp-json\/wp\/v2\/media\/1101"}],"wp:attachment":[{"href":"https:\/\/artemavitra.com\/index.php\/wp-json\/wp\/v2\/media?parent=1100"}],"wp:term":[{"taxonomy":"product_brand","embeddable":true,"href":"https:\/\/artemavitra.com\/index.php\/wp-json\/wp\/v2\/product_brand?post=1100"},{"taxonomy":"product_cat","embeddable":true,"href":"https:\/\/artemavitra.com\/index.php\/wp-json\/wp\/v2\/product_cat?post=1100"},{"taxonomy":"product_tag","embeddable":true,"href":"https:\/\/artemavitra.com\/index.php\/wp-json\/wp\/v2\/product_tag?post=1100"}],"curies":[{"name":"wp","href":"https:\/\/api.w.org\/{rel}","templated":true}]}}