{"id":1128,"date":"2019-12-16T14:19:30","date_gmt":"2019-12-16T11:19:30","guid":{"rendered":"http:\/\/artemavitra.com\/?post_type=product&#038;p=1128"},"modified":"2024-07-22T15:42:24","modified_gmt":"2024-07-22T12:42:24","slug":"govde-baglanti-somunu-429080yp1te","status":"publish","type":"product","link":"https:\/\/artemavitra.com\/index.php\/urun\/govde-baglanti-somunu-429080yp1te\/","title":{"rendered":"G\u00f6vde ba\u011flant\u0131 somunu (429080YP1TE)"},"content":{"rendered":"","protected":false},"excerpt":{"rendered":"","protected":false},"featured_media":1129,"comment_status":"open","ping_status":"closed","template":"","meta":[],"product_brand":[],"product_cat":[631],"product_tag":[1429,665,689,643,629,364,138,256,634,664,1393,568,726,1361,712,633],"class_list":{"0":"post-1128","1":"product","2":"type-product","3":"status-publish","4":"has-post-thumbnail","6":"product_cat-yikama-sistemleri","7":"product_tag-429080yp1te","8":"product_tag-alti","9":"product_tag-baglanti","10":"product_tag-fotosel","11":"product_tag-giris","12":"product_tag-govde","13":"product_tag-pisuvar","14":"product_tag-sistem","15":"product_tag-sistemleri","16":"product_tag-siva","17":"product_tag-somunu","18":"product_tag-su","19":"product_tag-tamamlayici","20":"product_tag-urun","21":"product_tag-urunler","22":"product_tag-yikama","24":"first","25":"outofstock","26":"shipping-taxable","27":"product-type-simple"},"jetpack_sharing_enabled":true,"_links":{"self":[{"href":"https:\/\/artemavitra.com\/index.php\/wp-json\/wp\/v2\/product\/1128","targetHints":{"allow":["GET"]}}],"collection":[{"href":"https:\/\/artemavitra.com\/index.php\/wp-json\/wp\/v2\/product"}],"about":[{"href":"https:\/\/artemavitra.com\/index.php\/wp-json\/wp\/v2\/types\/product"}],"replies":[{"embeddable":true,"href":"https:\/\/artemavitra.com\/index.php\/wp-json\/wp\/v2\/comments?post=1128"}],"version-history":[{"count":1,"href":"https:\/\/artemavitra.com\/index.php\/wp-json\/wp\/v2\/product\/1128\/revisions"}],"predecessor-version":[{"id":1130,"href":"https:\/\/artemavitra.com\/index.php\/wp-json\/wp\/v2\/product\/1128\/revisions\/1130"}],"wp:featuredmedia":[{"embeddable":true,"href":"https:\/\/artemavitra.com\/index.php\/wp-json\/wp\/v2\/media\/1129"}],"wp:attachment":[{"href":"https:\/\/artemavitra.com\/index.php\/wp-json\/wp\/v2\/media?parent=1128"}],"wp:term":[{"taxonomy":"product_brand","embeddable":true,"href":"https:\/\/artemavitra.com\/index.php\/wp-json\/wp\/v2\/product_brand?post=1128"},{"taxonomy":"product_cat","embeddable":true,"href":"https:\/\/artemavitra.com\/index.php\/wp-json\/wp\/v2\/product_cat?post=1128"},{"taxonomy":"product_tag","embeddable":true,"href":"https:\/\/artemavitra.com\/index.php\/wp-json\/wp\/v2\/product_tag?post=1128"}],"curies":[{"name":"wp","href":"https:\/\/api.w.org\/{rel}","templated":true}]}}