{"id":1131,"date":"2019-12-16T14:20:46","date_gmt":"2019-12-16T11:20:46","guid":{"rendered":"http:\/\/artemavitra.com\/?post_type=product&#038;p=1131"},"modified":"2024-07-22T15:42:24","modified_gmt":"2024-07-22T12:42:24","slug":"kartus-takimi-429077yp1te","status":"publish","type":"product","link":"https:\/\/artemavitra.com\/index.php\/urun\/kartus-takimi-429077yp1te\/","title":{"rendered":"Kartu\u015f tak\u0131m\u0131 (429077YP1TE)"},"content":{"rendered":"<p>429079 buton ile uyumlu<\/p>\n","protected":false},"excerpt":{"rendered":"<p>429079 buton ile uyumlu<\/p>\n","protected":false},"featured_media":1132,"comment_status":"open","ping_status":"closed","template":"","meta":[],"product_brand":[],"product_cat":[631],"product_tag":[1430,1432,162,134,1341,1431,1433],"class_list":{"0":"post-1131","1":"product","2":"type-product","3":"status-publish","4":"has-post-thumbnail","6":"product_cat-yikama-sistemleri","7":"product_tag-429077yp1te","8":"product_tag-1432","9":"product_tag-buton","10":"product_tag-ile","11":"product_tag-kartus","12":"product_tag-takimi","13":"product_tag-uyumlu","15":"first","16":"outofstock","17":"shipping-taxable","18":"product-type-simple"},"jetpack_sharing_enabled":true,"_links":{"self":[{"href":"https:\/\/artemavitra.com\/index.php\/wp-json\/wp\/v2\/product\/1131","targetHints":{"allow":["GET"]}}],"collection":[{"href":"https:\/\/artemavitra.com\/index.php\/wp-json\/wp\/v2\/product"}],"about":[{"href":"https:\/\/artemavitra.com\/index.php\/wp-json\/wp\/v2\/types\/product"}],"replies":[{"embeddable":true,"href":"https:\/\/artemavitra.com\/index.php\/wp-json\/wp\/v2\/comments?post=1131"}],"version-history":[{"count":1,"href":"https:\/\/artemavitra.com\/index.php\/wp-json\/wp\/v2\/product\/1131\/revisions"}],"predecessor-version":[{"id":1133,"href":"https:\/\/artemavitra.com\/index.php\/wp-json\/wp\/v2\/product\/1131\/revisions\/1133"}],"wp:featuredmedia":[{"embeddable":true,"href":"https:\/\/artemavitra.com\/index.php\/wp-json\/wp\/v2\/media\/1132"}],"wp:attachment":[{"href":"https:\/\/artemavitra.com\/index.php\/wp-json\/wp\/v2\/media?parent=1131"}],"wp:term":[{"taxonomy":"product_brand","embeddable":true,"href":"https:\/\/artemavitra.com\/index.php\/wp-json\/wp\/v2\/product_brand?post=1131"},{"taxonomy":"product_cat","embeddable":true,"href":"https:\/\/artemavitra.com\/index.php\/wp-json\/wp\/v2\/product_cat?post=1131"},{"taxonomy":"product_tag","embeddable":true,"href":"https:\/\/artemavitra.com\/index.php\/wp-json\/wp\/v2\/product_tag?post=1131"}],"curies":[{"name":"wp","href":"https:\/\/api.w.org\/{rel}","templated":true}]}}