{"id":1137,"date":"2019-12-16T14:23:23","date_gmt":"2019-12-16T11:23:23","guid":{"rendered":"http:\/\/artemavitra.com\/?post_type=product&#038;p=1137"},"modified":"2024-07-22T15:42:23","modified_gmt":"2024-07-22T12:42:23","slug":"buton-takimi-429079yp1te","status":"publish","type":"product","link":"https:\/\/artemavitra.com\/index.php\/urun\/buton-takimi-429079yp1te\/","title":{"rendered":"Buton tak\u0131m\u0131 (429079YP1TE)"},"content":{"rendered":"<p>429077 kartu\u015f tak\u0131m\u0131 ile uyumlu<\/p>\n","protected":false},"excerpt":{"rendered":"<p>429077 kartu\u015f tak\u0131m\u0131 ile uyumlu<\/p>\n","protected":false},"featured_media":0,"comment_status":"open","ping_status":"closed","template":"","meta":[],"product_brand":[],"product_cat":[631],"product_tag":[1436,1435,665,162,643,629,134,1341,138,256,634,664,568,1431,726,1361,712,1433,633],"class_list":{"0":"post-1137","1":"product","2":"type-product","3":"status-publish","5":"product_cat-yikama-sistemleri","6":"product_tag-1436","7":"product_tag-429079yp1te","8":"product_tag-alti","9":"product_tag-buton","10":"product_tag-fotosel","11":"product_tag-giris","12":"product_tag-ile","13":"product_tag-kartus","14":"product_tag-pisuvar","15":"product_tag-sistem","16":"product_tag-sistemleri","17":"product_tag-siva","18":"product_tag-su","19":"product_tag-takimi","20":"product_tag-tamamlayici","21":"product_tag-urun","22":"product_tag-urunler","23":"product_tag-uyumlu","24":"product_tag-yikama","26":"first","27":"outofstock","28":"shipping-taxable","29":"product-type-simple"},"jetpack_sharing_enabled":true,"_links":{"self":[{"href":"https:\/\/artemavitra.com\/index.php\/wp-json\/wp\/v2\/product\/1137","targetHints":{"allow":["GET"]}}],"collection":[{"href":"https:\/\/artemavitra.com\/index.php\/wp-json\/wp\/v2\/product"}],"about":[{"href":"https:\/\/artemavitra.com\/index.php\/wp-json\/wp\/v2\/types\/product"}],"replies":[{"embeddable":true,"href":"https:\/\/artemavitra.com\/index.php\/wp-json\/wp\/v2\/comments?post=1137"}],"version-history":[{"count":1,"href":"https:\/\/artemavitra.com\/index.php\/wp-json\/wp\/v2\/product\/1137\/revisions"}],"predecessor-version":[{"id":1138,"href":"https:\/\/artemavitra.com\/index.php\/wp-json\/wp\/v2\/product\/1137\/revisions\/1138"}],"wp:attachment":[{"href":"https:\/\/artemavitra.com\/index.php\/wp-json\/wp\/v2\/media?parent=1137"}],"wp:term":[{"taxonomy":"product_brand","embeddable":true,"href":"https:\/\/artemavitra.com\/index.php\/wp-json\/wp\/v2\/product_brand?post=1137"},{"taxonomy":"product_cat","embeddable":true,"href":"https:\/\/artemavitra.com\/index.php\/wp-json\/wp\/v2\/product_cat?post=1137"},{"taxonomy":"product_tag","embeddable":true,"href":"https:\/\/artemavitra.com\/index.php\/wp-json\/wp\/v2\/product_tag?post=1137"}],"curies":[{"name":"wp","href":"https:\/\/api.w.org\/{rel}","templated":true}]}}