{"id":1142,"date":"2019-12-16T14:25:41","date_gmt":"2019-12-16T11:25:41","guid":{"rendered":"http:\/\/artemavitra.com\/?post_type=product&#038;p=1142"},"modified":"2024-07-22T15:42:21","modified_gmt":"2024-07-22T12:42:21","slug":"kartus-takimi-429186yp1te","status":"publish","type":"product","link":"https:\/\/artemavitra.com\/index.php\/urun\/kartus-takimi-429186yp1te\/","title":{"rendered":"Kartu\u015f tak\u0131m\u0131 (429186YP1TE)"},"content":{"rendered":"<p>429187 buton ile uyumlu<\/p>\n","protected":false},"excerpt":{"rendered":"<p>429187 buton ile uyumlu<\/p>\n","protected":false},"featured_media":1143,"comment_status":"open","ping_status":"closed","template":"","meta":[],"product_brand":[],"product_cat":[631],"product_tag":[1438,1439,665,162,643,629,134,1341,138,256,634,664,568,1431,726,1361,712,1433,633],"class_list":{"0":"post-1142","1":"product","2":"type-product","3":"status-publish","4":"has-post-thumbnail","6":"product_cat-yikama-sistemleri","7":"product_tag-429186yp1te","8":"product_tag-1439","9":"product_tag-alti","10":"product_tag-buton","11":"product_tag-fotosel","12":"product_tag-giris","13":"product_tag-ile","14":"product_tag-kartus","15":"product_tag-pisuvar","16":"product_tag-sistem","17":"product_tag-sistemleri","18":"product_tag-siva","19":"product_tag-su","20":"product_tag-takimi","21":"product_tag-tamamlayici","22":"product_tag-urun","23":"product_tag-urunler","24":"product_tag-uyumlu","25":"product_tag-yikama","27":"first","28":"outofstock","29":"shipping-taxable","30":"product-type-simple"},"jetpack_sharing_enabled":true,"_links":{"self":[{"href":"https:\/\/artemavitra.com\/index.php\/wp-json\/wp\/v2\/product\/1142","targetHints":{"allow":["GET"]}}],"collection":[{"href":"https:\/\/artemavitra.com\/index.php\/wp-json\/wp\/v2\/product"}],"about":[{"href":"https:\/\/artemavitra.com\/index.php\/wp-json\/wp\/v2\/types\/product"}],"replies":[{"embeddable":true,"href":"https:\/\/artemavitra.com\/index.php\/wp-json\/wp\/v2\/comments?post=1142"}],"version-history":[{"count":1,"href":"https:\/\/artemavitra.com\/index.php\/wp-json\/wp\/v2\/product\/1142\/revisions"}],"predecessor-version":[{"id":1144,"href":"https:\/\/artemavitra.com\/index.php\/wp-json\/wp\/v2\/product\/1142\/revisions\/1144"}],"wp:featuredmedia":[{"embeddable":true,"href":"https:\/\/artemavitra.com\/index.php\/wp-json\/wp\/v2\/media\/1143"}],"wp:attachment":[{"href":"https:\/\/artemavitra.com\/index.php\/wp-json\/wp\/v2\/media?parent=1142"}],"wp:term":[{"taxonomy":"product_brand","embeddable":true,"href":"https:\/\/artemavitra.com\/index.php\/wp-json\/wp\/v2\/product_brand?post=1142"},{"taxonomy":"product_cat","embeddable":true,"href":"https:\/\/artemavitra.com\/index.php\/wp-json\/wp\/v2\/product_cat?post=1142"},{"taxonomy":"product_tag","embeddable":true,"href":"https:\/\/artemavitra.com\/index.php\/wp-json\/wp\/v2\/product_tag?post=1142"}],"curies":[{"name":"wp","href":"https:\/\/api.w.org\/{rel}","templated":true}]}}