{"id":1147,"date":"2019-12-16T14:28:28","date_gmt":"2019-12-16T11:28:28","guid":{"rendered":"http:\/\/artemavitra.com\/?post_type=product&#038;p=1147"},"modified":"2024-07-22T15:42:20","modified_gmt":"2024-07-22T12:42:20","slug":"dis-govde-429272yp1te","status":"publish","type":"product","link":"https:\/\/artemavitra.com\/index.php\/urun\/dis-govde-429272yp1te\/","title":{"rendered":"D\u0131\u015f g\u00f6vde (429272YP1TE)"},"content":{"rendered":"","protected":false},"excerpt":{"rendered":"","protected":false},"featured_media":1148,"comment_status":"open","ping_status":"closed","template":"","meta":[],"product_brand":[],"product_cat":[631],"product_tag":[1442,665,1443,643,629,364,138,256,634,664,568,726,1361,712,633],"class_list":{"0":"post-1147","1":"product","2":"type-product","3":"status-publish","4":"has-post-thumbnail","6":"product_cat-yikama-sistemleri","7":"product_tag-429272yp1te","8":"product_tag-alti","9":"product_tag-dis","10":"product_tag-fotosel","11":"product_tag-giris","12":"product_tag-govde","13":"product_tag-pisuvar","14":"product_tag-sistem","15":"product_tag-sistemleri","16":"product_tag-siva","17":"product_tag-su","18":"product_tag-tamamlayici","19":"product_tag-urun","20":"product_tag-urunler","21":"product_tag-yikama","23":"first","24":"outofstock","25":"shipping-taxable","26":"product-type-simple"},"jetpack_sharing_enabled":true,"_links":{"self":[{"href":"https:\/\/artemavitra.com\/index.php\/wp-json\/wp\/v2\/product\/1147","targetHints":{"allow":["GET"]}}],"collection":[{"href":"https:\/\/artemavitra.com\/index.php\/wp-json\/wp\/v2\/product"}],"about":[{"href":"https:\/\/artemavitra.com\/index.php\/wp-json\/wp\/v2\/types\/product"}],"replies":[{"embeddable":true,"href":"https:\/\/artemavitra.com\/index.php\/wp-json\/wp\/v2\/comments?post=1147"}],"version-history":[{"count":1,"href":"https:\/\/artemavitra.com\/index.php\/wp-json\/wp\/v2\/product\/1147\/revisions"}],"predecessor-version":[{"id":1149,"href":"https:\/\/artemavitra.com\/index.php\/wp-json\/wp\/v2\/product\/1147\/revisions\/1149"}],"wp:featuredmedia":[{"embeddable":true,"href":"https:\/\/artemavitra.com\/index.php\/wp-json\/wp\/v2\/media\/1148"}],"wp:attachment":[{"href":"https:\/\/artemavitra.com\/index.php\/wp-json\/wp\/v2\/media?parent=1147"}],"wp:term":[{"taxonomy":"product_brand","embeddable":true,"href":"https:\/\/artemavitra.com\/index.php\/wp-json\/wp\/v2\/product_brand?post=1147"},{"taxonomy":"product_cat","embeddable":true,"href":"https:\/\/artemavitra.com\/index.php\/wp-json\/wp\/v2\/product_cat?post=1147"},{"taxonomy":"product_tag","embeddable":true,"href":"https:\/\/artemavitra.com\/index.php\/wp-json\/wp\/v2\/product_tag?post=1147"}],"curies":[{"name":"wp","href":"https:\/\/api.w.org\/{rel}","templated":true}]}}