{"id":120,"date":"2019-12-12T18:22:50","date_gmt":"2019-12-12T15:22:50","guid":{"rendered":"http:\/\/artemavitra.com\/?post_type=product&#038;p=120"},"modified":"2024-07-22T15:49:50","modified_gmt":"2024-07-22T12:49:50","slug":"klozet-kapagi-ust-blok-412669yp1te","status":"publish","type":"product","link":"https:\/\/artemavitra.com\/index.php\/urun\/klozet-kapagi-ust-blok-412669yp1te\/","title":{"rendered":"Klozet kapa\u011f\u0131 \u00fcst blok (412669YP1TE)"},"content":{"rendered":"<p>\u0130stanbul 50-66-166 kapaklar i\u00e7in<br \/>\n316010 koduyla sipari\u015f edilmelidir.<\/p>\n","protected":false},"excerpt":{"rendered":"<p>\u0130stanbul 50-66-166 kapaklar i\u00e7in 316010 koduyla sipari\u015f edilmelidir.<\/p>\n","protected":false},"featured_media":121,"comment_status":"open","ping_status":"closed","template":"","meta":[],"product_brand":[],"product_cat":[18],"product_tag":[153,216,213,215,154,214,220,156,22,21,20,171,217,218,38,39,219,54],"class_list":{"0":"post-120","1":"product","2":"type-product","3":"status-publish","4":"has-post-thumbnail","6":"product_cat-klozet-kapaklari","7":"product_tag-153","8":"product_tag-216","9":"product_tag-412669yp1te","10":"product_tag-215","11":"product_tag-154","12":"product_tag-blok","13":"product_tag-edilmeli","14":"product_tag-istanbul","15":"product_tag-kapagi","16":"product_tag-kapak","17":"product_tag-klozet","18":"product_tag-kod","19":"product_tag-kodu","20":"product_tag-koduyla","21":"product_tag-mentese","22":"product_tag-mentesesi","23":"product_tag-siparis","24":"product_tag-ust","26":"first","27":"instock","28":"shipping-taxable","29":"product-type-simple"},"jetpack_sharing_enabled":true,"_links":{"self":[{"href":"https:\/\/artemavitra.com\/index.php\/wp-json\/wp\/v2\/product\/120","targetHints":{"allow":["GET"]}}],"collection":[{"href":"https:\/\/artemavitra.com\/index.php\/wp-json\/wp\/v2\/product"}],"about":[{"href":"https:\/\/artemavitra.com\/index.php\/wp-json\/wp\/v2\/types\/product"}],"replies":[{"embeddable":true,"href":"https:\/\/artemavitra.com\/index.php\/wp-json\/wp\/v2\/comments?post=120"}],"version-history":[{"count":0,"href":"https:\/\/artemavitra.com\/index.php\/wp-json\/wp\/v2\/product\/120\/revisions"}],"wp:featuredmedia":[{"embeddable":true,"href":"https:\/\/artemavitra.com\/index.php\/wp-json\/wp\/v2\/media\/121"}],"wp:attachment":[{"href":"https:\/\/artemavitra.com\/index.php\/wp-json\/wp\/v2\/media?parent=120"}],"wp:term":[{"taxonomy":"product_brand","embeddable":true,"href":"https:\/\/artemavitra.com\/index.php\/wp-json\/wp\/v2\/product_brand?post=120"},{"taxonomy":"product_cat","embeddable":true,"href":"https:\/\/artemavitra.com\/index.php\/wp-json\/wp\/v2\/product_cat?post=120"},{"taxonomy":"product_tag","embeddable":true,"href":"https:\/\/artemavitra.com\/index.php\/wp-json\/wp\/v2\/product_tag?post=120"}],"curies":[{"name":"wp","href":"https:\/\/api.w.org\/{rel}","templated":true}]}}