{"id":1211,"date":"2019-12-16T15:04:35","date_gmt":"2019-12-16T12:04:35","guid":{"rendered":"http:\/\/artemavitra.com\/?post_type=product&#038;p=1211"},"modified":"2024-07-22T15:42:07","modified_gmt":"2024-07-22T12:42:07","slug":"plastik-cerceveli-elektronik-modul-429067yp1te","status":"publish","type":"product","link":"https:\/\/artemavitra.com\/index.php\/urun\/plastik-cerceveli-elektronik-modul-429067yp1te\/","title":{"rendered":"Plastik \u00e7er\u00e7eveli elektronik mod\u00fcl (429067YP1TE)"},"content":{"rendered":"","protected":false},"excerpt":{"rendered":"","protected":false},"featured_media":1212,"comment_status":"open","ping_status":"closed","template":"","meta":[],"product_brand":[],"product_cat":[631],"product_tag":[1472,665,1473,605,643,629,570,138,26,256,634,664,568,726,1361,712,633],"class_list":{"0":"post-1211","1":"product","2":"type-product","3":"status-publish","4":"has-post-thumbnail","6":"product_cat-yikama-sistemleri","7":"product_tag-429067yp1te","8":"product_tag-alti","9":"product_tag-cerceveli","10":"product_tag-elektronik","11":"product_tag-fotosel","12":"product_tag-giris","13":"product_tag-modul","14":"product_tag-pisuvar","15":"product_tag-plastik","16":"product_tag-sistem","17":"product_tag-sistemleri","18":"product_tag-siva","19":"product_tag-su","20":"product_tag-tamamlayici","21":"product_tag-urun","22":"product_tag-urunler","23":"product_tag-yikama","25":"first","26":"outofstock","27":"shipping-taxable","28":"product-type-simple"},"jetpack_sharing_enabled":true,"_links":{"self":[{"href":"https:\/\/artemavitra.com\/index.php\/wp-json\/wp\/v2\/product\/1211","targetHints":{"allow":["GET"]}}],"collection":[{"href":"https:\/\/artemavitra.com\/index.php\/wp-json\/wp\/v2\/product"}],"about":[{"href":"https:\/\/artemavitra.com\/index.php\/wp-json\/wp\/v2\/types\/product"}],"replies":[{"embeddable":true,"href":"https:\/\/artemavitra.com\/index.php\/wp-json\/wp\/v2\/comments?post=1211"}],"version-history":[{"count":1,"href":"https:\/\/artemavitra.com\/index.php\/wp-json\/wp\/v2\/product\/1211\/revisions"}],"predecessor-version":[{"id":1213,"href":"https:\/\/artemavitra.com\/index.php\/wp-json\/wp\/v2\/product\/1211\/revisions\/1213"}],"wp:featuredmedia":[{"embeddable":true,"href":"https:\/\/artemavitra.com\/index.php\/wp-json\/wp\/v2\/media\/1212"}],"wp:attachment":[{"href":"https:\/\/artemavitra.com\/index.php\/wp-json\/wp\/v2\/media?parent=1211"}],"wp:term":[{"taxonomy":"product_brand","embeddable":true,"href":"https:\/\/artemavitra.com\/index.php\/wp-json\/wp\/v2\/product_brand?post=1211"},{"taxonomy":"product_cat","embeddable":true,"href":"https:\/\/artemavitra.com\/index.php\/wp-json\/wp\/v2\/product_cat?post=1211"},{"taxonomy":"product_tag","embeddable":true,"href":"https:\/\/artemavitra.com\/index.php\/wp-json\/wp\/v2\/product_tag?post=1211"}],"curies":[{"name":"wp","href":"https:\/\/api.w.org\/{rel}","templated":true}]}}