{"id":124,"date":"2019-12-12T18:27:02","date_gmt":"2019-12-12T15:27:02","guid":{"rendered":"http:\/\/artemavitra.com\/?post_type=product&#038;p=124"},"modified":"2024-07-22T15:49:49","modified_gmt":"2024-07-22T12:49:49","slug":"bide-kapagi-ust-blok-412670yp1te","status":"publish","type":"product","link":"https:\/\/artemavitra.com\/index.php\/urun\/bide-kapagi-ust-blok-412670yp1te\/","title":{"rendered":"Bide kapa\u011f\u0131 \u00fcst blok (412670YP1TE)"},"content":{"rendered":"<p>\u0130stanbul 49-67 bide kapaklar\u0131 i\u00e7in<br \/>\n316011 koduyla sipari\u015f edilmelidir<\/p>\n","protected":false},"excerpt":{"rendered":"<p>\u0130stanbul 49-67 bide kapaklar\u0131 i\u00e7in 316011 koduyla sipari\u015f edilmelidir<\/p>\n","protected":false},"featured_media":125,"comment_status":"open","ping_status":"closed","template":"","meta":[],"product_brand":[],"product_cat":[18],"product_tag":[225,223,224,155,157,214,220,156,22,21,20,171,218,38,39,226,54],"class_list":{"0":"post-124","1":"product","2":"type-product","3":"status-publish","4":"has-post-thumbnail","6":"product_cat-klozet-kapaklari","7":"product_tag-225","8":"product_tag-412670yp1te","9":"product_tag-224","10":"product_tag-155","11":"product_tag-bide","12":"product_tag-blok","13":"product_tag-edilmeli","14":"product_tag-istanbul","15":"product_tag-kapagi","16":"product_tag-kapak","17":"product_tag-klozet","18":"product_tag-kod","19":"product_tag-koduyla","20":"product_tag-mentese","21":"product_tag-mentesesi","22":"product_tag-sigparis","23":"product_tag-ust","25":"first","26":"instock","27":"shipping-taxable","28":"product-type-simple"},"jetpack_sharing_enabled":true,"_links":{"self":[{"href":"https:\/\/artemavitra.com\/index.php\/wp-json\/wp\/v2\/product\/124","targetHints":{"allow":["GET"]}}],"collection":[{"href":"https:\/\/artemavitra.com\/index.php\/wp-json\/wp\/v2\/product"}],"about":[{"href":"https:\/\/artemavitra.com\/index.php\/wp-json\/wp\/v2\/types\/product"}],"replies":[{"embeddable":true,"href":"https:\/\/artemavitra.com\/index.php\/wp-json\/wp\/v2\/comments?post=124"}],"version-history":[{"count":0,"href":"https:\/\/artemavitra.com\/index.php\/wp-json\/wp\/v2\/product\/124\/revisions"}],"wp:featuredmedia":[{"embeddable":true,"href":"https:\/\/artemavitra.com\/index.php\/wp-json\/wp\/v2\/media\/125"}],"wp:attachment":[{"href":"https:\/\/artemavitra.com\/index.php\/wp-json\/wp\/v2\/media?parent=124"}],"wp:term":[{"taxonomy":"product_brand","embeddable":true,"href":"https:\/\/artemavitra.com\/index.php\/wp-json\/wp\/v2\/product_brand?post=124"},{"taxonomy":"product_cat","embeddable":true,"href":"https:\/\/artemavitra.com\/index.php\/wp-json\/wp\/v2\/product_cat?post=124"},{"taxonomy":"product_tag","embeddable":true,"href":"https:\/\/artemavitra.com\/index.php\/wp-json\/wp\/v2\/product_tag?post=124"}],"curies":[{"name":"wp","href":"https:\/\/api.w.org\/{rel}","templated":true}]}}