{"id":1280,"date":"2019-12-16T15:35:38","date_gmt":"2019-12-16T12:35:38","guid":{"rendered":"http:\/\/artemavitra.com\/?post_type=product&#038;p=1280"},"modified":"2024-07-22T15:41:36","modified_gmt":"2024-07-22T12:41:36","slug":"pirinc-govde-431269yp1te","status":"publish","type":"product","link":"https:\/\/artemavitra.com\/index.php\/urun\/pirinc-govde-431269yp1te\/","title":{"rendered":"Pirin\u00e7 g\u00f6vde (431269YP1TE)"},"content":{"rendered":"<p>Yeni tip-Selenoid yuvas\u0131 d\u0131\u015ftan di\u015fli<br \/>\nNipelsiz<\/p>\n","protected":false},"excerpt":{"rendered":"<p>Yeni tip-Selenoid yuvas\u0131 d\u0131\u015ftan di\u015fli Nipelsiz<\/p>\n","protected":false},"featured_media":1281,"comment_status":"open","ping_status":"closed","template":"","meta":[],"product_brand":[],"product_cat":[631],"product_tag":[1508,665,1399,1398,643,629,364,1348,669,138,600,256,634,664,568,726,1361,712,1509,633,638],"class_list":{"0":"post-1280","1":"product","2":"type-product","3":"status-publish","4":"has-post-thumbnail","6":"product_cat-yikama-sistemleri","7":"product_tag-431269yp1te","8":"product_tag-alti","9":"product_tag-disli","10":"product_tag-distan","11":"product_tag-fotosel","12":"product_tag-giris","13":"product_tag-govde","14":"product_tag-nipelsiz","15":"product_tag-pirinc","16":"product_tag-pisuvar","17":"product_tag-selenoid","18":"product_tag-sistem","19":"product_tag-sistemleri","20":"product_tag-siva","21":"product_tag-su","22":"product_tag-tamamlayici","23":"product_tag-urun","24":"product_tag-urunler","25":"product_tag-yeni-tip","26":"product_tag-yikama","27":"product_tag-yuvasi","29":"first","30":"instock","31":"shipping-taxable","32":"product-type-simple"},"jetpack_sharing_enabled":true,"_links":{"self":[{"href":"https:\/\/artemavitra.com\/index.php\/wp-json\/wp\/v2\/product\/1280","targetHints":{"allow":["GET"]}}],"collection":[{"href":"https:\/\/artemavitra.com\/index.php\/wp-json\/wp\/v2\/product"}],"about":[{"href":"https:\/\/artemavitra.com\/index.php\/wp-json\/wp\/v2\/types\/product"}],"replies":[{"embeddable":true,"href":"https:\/\/artemavitra.com\/index.php\/wp-json\/wp\/v2\/comments?post=1280"}],"version-history":[{"count":1,"href":"https:\/\/artemavitra.com\/index.php\/wp-json\/wp\/v2\/product\/1280\/revisions"}],"predecessor-version":[{"id":1282,"href":"https:\/\/artemavitra.com\/index.php\/wp-json\/wp\/v2\/product\/1280\/revisions\/1282"}],"wp:featuredmedia":[{"embeddable":true,"href":"https:\/\/artemavitra.com\/index.php\/wp-json\/wp\/v2\/media\/1281"}],"wp:attachment":[{"href":"https:\/\/artemavitra.com\/index.php\/wp-json\/wp\/v2\/media?parent=1280"}],"wp:term":[{"taxonomy":"product_brand","embeddable":true,"href":"https:\/\/artemavitra.com\/index.php\/wp-json\/wp\/v2\/product_brand?post=1280"},{"taxonomy":"product_cat","embeddable":true,"href":"https:\/\/artemavitra.com\/index.php\/wp-json\/wp\/v2\/product_cat?post=1280"},{"taxonomy":"product_tag","embeddable":true,"href":"https:\/\/artemavitra.com\/index.php\/wp-json\/wp\/v2\/product_tag?post=1280"}],"curies":[{"name":"wp","href":"https:\/\/api.w.org\/{rel}","templated":true}]}}