{"id":1301,"date":"2019-12-16T15:46:23","date_gmt":"2019-12-16T12:46:23","guid":{"rendered":"http:\/\/artemavitra.com\/?post_type=product&#038;p=1301"},"modified":"2024-07-22T15:41:26","modified_gmt":"2024-07-22T12:41:26","slug":"siva-alti-yikama-sistemi-govde-kutusu-431560yp1te-2","status":"publish","type":"product","link":"https:\/\/artemavitra.com\/index.php\/urun\/siva-alti-yikama-sistemi-govde-kutusu-431560yp1te-2\/","title":{"rendered":"S\u0131va alt\u0131 y\u0131kama sistemi g\u00f6vde kutusu (431560YP1TE)"},"content":{"rendered":"<p>Yeni<\/p>\n","protected":false},"excerpt":{"rendered":"<p>Yeni<\/p>\n","protected":false},"featured_media":1302,"comment_status":"open","ping_status":"closed","template":"","meta":[],"product_brand":[],"product_cat":[631],"product_tag":[663,665,643,629,364,647,138,256,666,634,664,568,726,1361,712,633],"class_list":{"0":"post-1301","1":"product","2":"type-product","3":"status-publish","4":"has-post-thumbnail","6":"product_cat-yikama-sistemleri","7":"product_tag-431560yp1te","8":"product_tag-alti","9":"product_tag-fotosel","10":"product_tag-giris","11":"product_tag-govde","12":"product_tag-kutusu","13":"product_tag-pisuvar","14":"product_tag-sistem","15":"product_tag-sistemi","16":"product_tag-sistemleri","17":"product_tag-siva","18":"product_tag-su","19":"product_tag-tamamlayici","20":"product_tag-urun","21":"product_tag-urunler","22":"product_tag-yikama","24":"first","25":"outofstock","26":"shipping-taxable","27":"product-type-simple"},"jetpack_sharing_enabled":true,"_links":{"self":[{"href":"https:\/\/artemavitra.com\/index.php\/wp-json\/wp\/v2\/product\/1301","targetHints":{"allow":["GET"]}}],"collection":[{"href":"https:\/\/artemavitra.com\/index.php\/wp-json\/wp\/v2\/product"}],"about":[{"href":"https:\/\/artemavitra.com\/index.php\/wp-json\/wp\/v2\/types\/product"}],"replies":[{"embeddable":true,"href":"https:\/\/artemavitra.com\/index.php\/wp-json\/wp\/v2\/comments?post=1301"}],"version-history":[{"count":1,"href":"https:\/\/artemavitra.com\/index.php\/wp-json\/wp\/v2\/product\/1301\/revisions"}],"predecessor-version":[{"id":1303,"href":"https:\/\/artemavitra.com\/index.php\/wp-json\/wp\/v2\/product\/1301\/revisions\/1303"}],"wp:featuredmedia":[{"embeddable":true,"href":"https:\/\/artemavitra.com\/index.php\/wp-json\/wp\/v2\/media\/1302"}],"wp:attachment":[{"href":"https:\/\/artemavitra.com\/index.php\/wp-json\/wp\/v2\/media?parent=1301"}],"wp:term":[{"taxonomy":"product_brand","embeddable":true,"href":"https:\/\/artemavitra.com\/index.php\/wp-json\/wp\/v2\/product_brand?post=1301"},{"taxonomy":"product_cat","embeddable":true,"href":"https:\/\/artemavitra.com\/index.php\/wp-json\/wp\/v2\/product_cat?post=1301"},{"taxonomy":"product_tag","embeddable":true,"href":"https:\/\/artemavitra.com\/index.php\/wp-json\/wp\/v2\/product_tag?post=1301"}],"curies":[{"name":"wp","href":"https:\/\/api.w.org\/{rel}","templated":true}]}}