{"id":131,"date":"2019-12-12T18:33:44","date_gmt":"2019-12-12T15:33:44","guid":{"rendered":"http:\/\/artemavitra.com\/?post_type=product&#038;p=131"},"modified":"2024-07-22T15:49:48","modified_gmt":"2024-07-22T12:49:48","slug":"istanbul-bide-klozet-kapagi-ust-blok-vida-seti-316011yp1te","status":"publish","type":"product","link":"https:\/\/artemavitra.com\/index.php\/urun\/istanbul-bide-klozet-kapagi-ust-blok-vida-seti-316011yp1te\/","title":{"rendered":"\u0130stanbul bide klozet kapa\u011f\u0131 \u00fcst blok vida seti (316011YP1TE)"},"content":{"rendered":"","protected":false},"excerpt":{"rendered":"","protected":false},"featured_media":130,"comment_status":"open","ping_status":"closed","template":"","meta":[],"product_brand":[],"product_cat":[18],"product_tag":[232,214,156,22,21,20,38,39,230,231,54,229],"class_list":{"0":"post-131","1":"product","2":"type-product","3":"status-publish","4":"has-post-thumbnail","6":"product_cat-klozet-kapaklari","7":"product_tag-316011yp1te","8":"product_tag-blok","9":"product_tag-istanbul","10":"product_tag-kapagi","11":"product_tag-kapak","12":"product_tag-klozet","13":"product_tag-mentese","14":"product_tag-mentesesi","15":"product_tag-set","16":"product_tag-seti","17":"product_tag-ust","18":"product_tag-vida","20":"first","21":"instock","22":"shipping-taxable","23":"product-type-simple"},"jetpack_sharing_enabled":true,"_links":{"self":[{"href":"https:\/\/artemavitra.com\/index.php\/wp-json\/wp\/v2\/product\/131","targetHints":{"allow":["GET"]}}],"collection":[{"href":"https:\/\/artemavitra.com\/index.php\/wp-json\/wp\/v2\/product"}],"about":[{"href":"https:\/\/artemavitra.com\/index.php\/wp-json\/wp\/v2\/types\/product"}],"replies":[{"embeddable":true,"href":"https:\/\/artemavitra.com\/index.php\/wp-json\/wp\/v2\/comments?post=131"}],"version-history":[{"count":0,"href":"https:\/\/artemavitra.com\/index.php\/wp-json\/wp\/v2\/product\/131\/revisions"}],"wp:featuredmedia":[{"embeddable":true,"href":"https:\/\/artemavitra.com\/index.php\/wp-json\/wp\/v2\/media\/130"}],"wp:attachment":[{"href":"https:\/\/artemavitra.com\/index.php\/wp-json\/wp\/v2\/media?parent=131"}],"wp:term":[{"taxonomy":"product_brand","embeddable":true,"href":"https:\/\/artemavitra.com\/index.php\/wp-json\/wp\/v2\/product_brand?post=131"},{"taxonomy":"product_cat","embeddable":true,"href":"https:\/\/artemavitra.com\/index.php\/wp-json\/wp\/v2\/product_cat?post=131"},{"taxonomy":"product_tag","embeddable":true,"href":"https:\/\/artemavitra.com\/index.php\/wp-json\/wp\/v2\/product_tag?post=131"}],"curies":[{"name":"wp","href":"https:\/\/api.w.org\/{rel}","templated":true}]}}