{"id":1379,"date":"2019-12-16T16:21:02","date_gmt":"2019-12-16T13:21:02","guid":{"rendered":"http:\/\/artemavitra.com\/?post_type=product&#038;p=1379"},"modified":"2024-07-22T15:40:53","modified_gmt":"2024-07-22T12:40:53","slug":"doldurma-kaldirma-kolu-429525yp1te","status":"publish","type":"product","link":"https:\/\/artemavitra.com\/index.php\/urun\/doldurma-kaldirma-kolu-429525yp1te\/","title":{"rendered":"Doldurma kald\u0131rma kolu (429525YP1TE)"},"content":{"rendered":"<p>Sadece 429552 i\u00e7in kullan\u0131labilir.<\/p>\n","protected":false},"excerpt":{"rendered":"<p>Sadece 429552 i\u00e7in kullan\u0131labilir.<\/p>\n","protected":false},"featured_media":1380,"comment_status":"open","ping_status":"closed","template":"","meta":[],"product_brand":[],"product_cat":[692],"product_tag":[1558,1561,665,1546,643,629,166,1559,1560,1562,138,354,256,634,664,568,726,1361,712,633],"class_list":{"0":"post-1379","1":"product","2":"type-product","3":"status-publish","4":"has-post-thumbnail","6":"product_cat-ic-takimlar","7":"product_tag-429525yp1te","8":"product_tag-1561","9":"product_tag-alti","10":"product_tag-doldurma","11":"product_tag-fotosel","12":"product_tag-giris","13":"product_tag-icin","14":"product_tag-kaldirma","15":"product_tag-kolu","16":"product_tag-kullanilabilir","17":"product_tag-pisuvar","18":"product_tag-sadece","19":"product_tag-sistem","20":"product_tag-sistemleri","21":"product_tag-siva","22":"product_tag-su","23":"product_tag-tamamlayici","24":"product_tag-urun","25":"product_tag-urunler","26":"product_tag-yikama","28":"first","29":"outofstock","30":"shipping-taxable","31":"product-type-simple"},"jetpack_sharing_enabled":true,"_links":{"self":[{"href":"https:\/\/artemavitra.com\/index.php\/wp-json\/wp\/v2\/product\/1379","targetHints":{"allow":["GET"]}}],"collection":[{"href":"https:\/\/artemavitra.com\/index.php\/wp-json\/wp\/v2\/product"}],"about":[{"href":"https:\/\/artemavitra.com\/index.php\/wp-json\/wp\/v2\/types\/product"}],"replies":[{"embeddable":true,"href":"https:\/\/artemavitra.com\/index.php\/wp-json\/wp\/v2\/comments?post=1379"}],"version-history":[{"count":1,"href":"https:\/\/artemavitra.com\/index.php\/wp-json\/wp\/v2\/product\/1379\/revisions"}],"predecessor-version":[{"id":1381,"href":"https:\/\/artemavitra.com\/index.php\/wp-json\/wp\/v2\/product\/1379\/revisions\/1381"}],"wp:featuredmedia":[{"embeddable":true,"href":"https:\/\/artemavitra.com\/index.php\/wp-json\/wp\/v2\/media\/1380"}],"wp:attachment":[{"href":"https:\/\/artemavitra.com\/index.php\/wp-json\/wp\/v2\/media?parent=1379"}],"wp:term":[{"taxonomy":"product_brand","embeddable":true,"href":"https:\/\/artemavitra.com\/index.php\/wp-json\/wp\/v2\/product_brand?post=1379"},{"taxonomy":"product_cat","embeddable":true,"href":"https:\/\/artemavitra.com\/index.php\/wp-json\/wp\/v2\/product_cat?post=1379"},{"taxonomy":"product_tag","embeddable":true,"href":"https:\/\/artemavitra.com\/index.php\/wp-json\/wp\/v2\/product_tag?post=1379"}],"curies":[{"name":"wp","href":"https:\/\/api.w.org\/{rel}","templated":true}]}}