{"id":1448,"date":"2019-12-16T16:56:41","date_gmt":"2019-12-16T13:56:41","guid":{"rendered":"http:\/\/artemavitra.com\/?post_type=product&#038;p=1448"},"modified":"2024-07-22T15:40:23","modified_gmt":"2024-07-22T12:40:23","slug":"tek-basmali-flaper-bosaltma-klape-contasi-429528yp1te","status":"publish","type":"product","link":"https:\/\/artemavitra.com\/index.php\/urun\/tek-basmali-flaper-bosaltma-klape-contasi-429528yp1te\/","title":{"rendered":"Tek basmal\u0131 flaper bo\u015faltma klape contas\u0131 (429528YP1TE)"},"content":{"rendered":"","protected":false},"excerpt":{"rendered":"","protected":false},"featured_media":1449,"comment_status":"open","ping_status":"closed","template":"","meta":[],"product_brand":[],"product_cat":[692],"product_tag":[1608,665,1609,696,659,1610,643,629,694,700,138,256,634,664,568,1574,695,726,520,1361,712,633],"class_list":{"0":"post-1448","1":"product","2":"type-product","3":"status-publish","4":"has-post-thumbnail","6":"product_cat-ic-takimlar","7":"product_tag-429528yp1te","8":"product_tag-alti","9":"product_tag-basmali","10":"product_tag-bosaltma","11":"product_tag-contasi","12":"product_tag-flaper","13":"product_tag-fotosel","14":"product_tag-giris","15":"product_tag-ic","16":"product_tag-klape","17":"product_tag-pisuvar","18":"product_tag-sistem","19":"product_tag-sistemleri","20":"product_tag-siva","21":"product_tag-su","22":"product_tag-takim","23":"product_tag-takimlar","24":"product_tag-tamamlayici","25":"product_tag-tek","26":"product_tag-urun","27":"product_tag-urunler","28":"product_tag-yikama","30":"first","31":"outofstock","32":"shipping-taxable","33":"product-type-simple"},"jetpack_sharing_enabled":true,"_links":{"self":[{"href":"https:\/\/artemavitra.com\/index.php\/wp-json\/wp\/v2\/product\/1448","targetHints":{"allow":["GET"]}}],"collection":[{"href":"https:\/\/artemavitra.com\/index.php\/wp-json\/wp\/v2\/product"}],"about":[{"href":"https:\/\/artemavitra.com\/index.php\/wp-json\/wp\/v2\/types\/product"}],"replies":[{"embeddable":true,"href":"https:\/\/artemavitra.com\/index.php\/wp-json\/wp\/v2\/comments?post=1448"}],"version-history":[{"count":1,"href":"https:\/\/artemavitra.com\/index.php\/wp-json\/wp\/v2\/product\/1448\/revisions"}],"predecessor-version":[{"id":1450,"href":"https:\/\/artemavitra.com\/index.php\/wp-json\/wp\/v2\/product\/1448\/revisions\/1450"}],"wp:featuredmedia":[{"embeddable":true,"href":"https:\/\/artemavitra.com\/index.php\/wp-json\/wp\/v2\/media\/1449"}],"wp:attachment":[{"href":"https:\/\/artemavitra.com\/index.php\/wp-json\/wp\/v2\/media?parent=1448"}],"wp:term":[{"taxonomy":"product_brand","embeddable":true,"href":"https:\/\/artemavitra.com\/index.php\/wp-json\/wp\/v2\/product_brand?post=1448"},{"taxonomy":"product_cat","embeddable":true,"href":"https:\/\/artemavitra.com\/index.php\/wp-json\/wp\/v2\/product_cat?post=1448"},{"taxonomy":"product_tag","embeddable":true,"href":"https:\/\/artemavitra.com\/index.php\/wp-json\/wp\/v2\/product_tag?post=1448"}],"curies":[{"name":"wp","href":"https:\/\/api.w.org\/{rel}","templated":true}]}}