{"id":1470,"date":"2019-12-16T17:06:00","date_gmt":"2019-12-16T14:06:00","guid":{"rendered":"http:\/\/artemavitra.com\/?post_type=product&#038;p=1470"},"modified":"2024-07-22T15:40:14","modified_gmt":"2024-07-22T12:40:14","slug":"bosaltma-seviye-ayar-cubugusabitleme-aparati-429544yp1te","status":"publish","type":"product","link":"https:\/\/artemavitra.com\/index.php\/urun\/bosaltma-seviye-ayar-cubugusabitleme-aparati-429544yp1te\/","title":{"rendered":"Bo\u015faltma seviye ayar \u00e7ubu\u011fu+sabitleme aparat\u0131 (429544YP1TE)"},"content":{"rendered":"","protected":false},"excerpt":{"rendered":"","protected":false},"featured_media":1471,"comment_status":"open","ping_status":"closed","template":"","meta":[],"product_brand":[],"product_cat":[692],"product_tag":[1619,665,25,1537,696,1538,643,629,694,138,58,625,256,634,664,568,1574,695,726,1361,712,633],"class_list":{"0":"post-1470","1":"product","2":"type-product","3":"status-publish","4":"has-post-thumbnail","6":"product_cat-ic-takimlar","7":"product_tag-429544yp1te","8":"product_tag-alti","9":"product_tag-aparati","10":"product_tag-ayar","11":"product_tag-bosaltma","12":"product_tag-cubugu","13":"product_tag-fotosel","14":"product_tag-giris","15":"product_tag-ic","16":"product_tag-pisuvar","17":"product_tag-sabitleme","18":"product_tag-seviye","19":"product_tag-sistem","20":"product_tag-sistemleri","21":"product_tag-siva","22":"product_tag-su","23":"product_tag-takim","24":"product_tag-takimlar","25":"product_tag-tamamlayici","26":"product_tag-urun","27":"product_tag-urunler","28":"product_tag-yikama","30":"first","31":"outofstock","32":"shipping-taxable","33":"product-type-simple"},"jetpack_sharing_enabled":true,"_links":{"self":[{"href":"https:\/\/artemavitra.com\/index.php\/wp-json\/wp\/v2\/product\/1470","targetHints":{"allow":["GET"]}}],"collection":[{"href":"https:\/\/artemavitra.com\/index.php\/wp-json\/wp\/v2\/product"}],"about":[{"href":"https:\/\/artemavitra.com\/index.php\/wp-json\/wp\/v2\/types\/product"}],"replies":[{"embeddable":true,"href":"https:\/\/artemavitra.com\/index.php\/wp-json\/wp\/v2\/comments?post=1470"}],"version-history":[{"count":1,"href":"https:\/\/artemavitra.com\/index.php\/wp-json\/wp\/v2\/product\/1470\/revisions"}],"predecessor-version":[{"id":1472,"href":"https:\/\/artemavitra.com\/index.php\/wp-json\/wp\/v2\/product\/1470\/revisions\/1472"}],"wp:featuredmedia":[{"embeddable":true,"href":"https:\/\/artemavitra.com\/index.php\/wp-json\/wp\/v2\/media\/1471"}],"wp:attachment":[{"href":"https:\/\/artemavitra.com\/index.php\/wp-json\/wp\/v2\/media?parent=1470"}],"wp:term":[{"taxonomy":"product_brand","embeddable":true,"href":"https:\/\/artemavitra.com\/index.php\/wp-json\/wp\/v2\/product_brand?post=1470"},{"taxonomy":"product_cat","embeddable":true,"href":"https:\/\/artemavitra.com\/index.php\/wp-json\/wp\/v2\/product_cat?post=1470"},{"taxonomy":"product_tag","embeddable":true,"href":"https:\/\/artemavitra.com\/index.php\/wp-json\/wp\/v2\/product_tag?post=1470"}],"curies":[{"name":"wp","href":"https:\/\/api.w.org\/{rel}","templated":true}]}}