{"id":1515,"date":"2019-12-16T17:39:20","date_gmt":"2019-12-16T14:39:20","guid":{"rendered":"http:\/\/artemavitra.com\/?post_type=product&#038;p=1515"},"modified":"2024-07-22T15:40:02","modified_gmt":"2024-07-22T12:40:02","slug":"burgbad-deterjan-hazne-seti-316803yp1te-2","status":"publish","type":"product","link":"https:\/\/artemavitra.com\/index.php\/urun\/burgbad-deterjan-hazne-seti-316803yp1te-2\/","title":{"rendered":"Burgbad deterjan hazne seti (316803YP1TE)"},"content":{"rendered":"<p>90A003-002 yerine kullan\u0131lmal\u0131d\u0131r<\/p>\n","protected":false},"excerpt":{"rendered":"<p>90A003-002 yerine kullan\u0131lmal\u0131d\u0131r<\/p>\n","protected":false},"featured_media":1516,"comment_status":"open","ping_status":"closed","template":"","meta":[],"product_brand":[],"product_cat":[701],"product_tag":[1646,515,715,665,516,517,643,629,518,694,138,231,256,634,664,568,1574,695,726,1361,712,633],"class_list":{"0":"post-1515","1":"product","2":"type-product","3":"status-publish","4":"has-post-thumbnail","6":"product_cat-vitrafresh-deterjan-haznesi","7":"product_tag-1646","8":"product_tag-316803yp1te","9":"product_tag-90a003","10":"product_tag-alti","11":"product_tag-burgbad","12":"product_tag-deterjan","13":"product_tag-fotosel","14":"product_tag-giris","15":"product_tag-hazne","16":"product_tag-ic","17":"product_tag-pisuvar","18":"product_tag-seti","19":"product_tag-sistem","20":"product_tag-sistemleri","21":"product_tag-siva","22":"product_tag-su","23":"product_tag-takim","24":"product_tag-takimlar","25":"product_tag-tamamlayici","26":"product_tag-urun","27":"product_tag-urunler","28":"product_tag-yikama","30":"first","31":"outofstock","32":"shipping-taxable","33":"product-type-simple"},"jetpack_sharing_enabled":true,"_links":{"self":[{"href":"https:\/\/artemavitra.com\/index.php\/wp-json\/wp\/v2\/product\/1515","targetHints":{"allow":["GET"]}}],"collection":[{"href":"https:\/\/artemavitra.com\/index.php\/wp-json\/wp\/v2\/product"}],"about":[{"href":"https:\/\/artemavitra.com\/index.php\/wp-json\/wp\/v2\/types\/product"}],"replies":[{"embeddable":true,"href":"https:\/\/artemavitra.com\/index.php\/wp-json\/wp\/v2\/comments?post=1515"}],"version-history":[{"count":1,"href":"https:\/\/artemavitra.com\/index.php\/wp-json\/wp\/v2\/product\/1515\/revisions"}],"predecessor-version":[{"id":1517,"href":"https:\/\/artemavitra.com\/index.php\/wp-json\/wp\/v2\/product\/1515\/revisions\/1517"}],"wp:featuredmedia":[{"embeddable":true,"href":"https:\/\/artemavitra.com\/index.php\/wp-json\/wp\/v2\/media\/1516"}],"wp:attachment":[{"href":"https:\/\/artemavitra.com\/index.php\/wp-json\/wp\/v2\/media?parent=1515"}],"wp:term":[{"taxonomy":"product_brand","embeddable":true,"href":"https:\/\/artemavitra.com\/index.php\/wp-json\/wp\/v2\/product_brand?post=1515"},{"taxonomy":"product_cat","embeddable":true,"href":"https:\/\/artemavitra.com\/index.php\/wp-json\/wp\/v2\/product_cat?post=1515"},{"taxonomy":"product_tag","embeddable":true,"href":"https:\/\/artemavitra.com\/index.php\/wp-json\/wp\/v2\/product_tag?post=1515"}],"curies":[{"name":"wp","href":"https:\/\/api.w.org\/{rel}","templated":true}]}}