{"id":1518,"date":"2019-12-16T17:44:08","date_gmt":"2019-12-16T14:44:08","guid":{"rendered":"http:\/\/artemavitra.com\/?post_type=product&#038;p=1518"},"modified":"2024-07-22T15:40:02","modified_gmt":"2024-07-22T12:40:02","slug":"u-kucuk-korkuluk-6606591","status":"publish","type":"product","link":"https:\/\/artemavitra.com\/index.php\/urun\/u-kucuk-korkuluk-6606591\/","title":{"rendered":"U k\u00fc\u00e7\u00fck korkuluk (6606591)"},"content":{"rendered":"<p>Boy dolab\u0131<br \/>\nFrame<\/p>\n","protected":false},"excerpt":{"rendered":"<p>Boy dolab\u0131 Frame<\/p>\n","protected":false},"featured_media":1519,"comment_status":"open","ping_status":"closed","template":"","meta":[],"product_brand":[],"product_cat":[721],"product_tag":[1647,725,723,771,983,767,746,731,724,728,726,769],"class_list":{"0":"post-1518","1":"product","2":"type-product","3":"status-publish","4":"has-post-thumbnail","6":"product_cat-aksesuar-ve-tamamlayicilar","7":"product_tag-1647","8":"product_tag-aksesuar","9":"product_tag-banyo","10":"product_tag-boy","11":"product_tag-dolabi","12":"product_tag-frame","13":"product_tag-korkuluk","14":"product_tag-kucuk","15":"product_tag-mobilya","16":"product_tag-mobilyalari","17":"product_tag-tamamlayici","18":"product_tag-u","20":"first","21":"outofstock","22":"shipping-taxable","23":"product-type-simple"},"jetpack_sharing_enabled":true,"_links":{"self":[{"href":"https:\/\/artemavitra.com\/index.php\/wp-json\/wp\/v2\/product\/1518","targetHints":{"allow":["GET"]}}],"collection":[{"href":"https:\/\/artemavitra.com\/index.php\/wp-json\/wp\/v2\/product"}],"about":[{"href":"https:\/\/artemavitra.com\/index.php\/wp-json\/wp\/v2\/types\/product"}],"replies":[{"embeddable":true,"href":"https:\/\/artemavitra.com\/index.php\/wp-json\/wp\/v2\/comments?post=1518"}],"version-history":[{"count":1,"href":"https:\/\/artemavitra.com\/index.php\/wp-json\/wp\/v2\/product\/1518\/revisions"}],"predecessor-version":[{"id":1520,"href":"https:\/\/artemavitra.com\/index.php\/wp-json\/wp\/v2\/product\/1518\/revisions\/1520"}],"wp:featuredmedia":[{"embeddable":true,"href":"https:\/\/artemavitra.com\/index.php\/wp-json\/wp\/v2\/media\/1519"}],"wp:attachment":[{"href":"https:\/\/artemavitra.com\/index.php\/wp-json\/wp\/v2\/media?parent=1518"}],"wp:term":[{"taxonomy":"product_brand","embeddable":true,"href":"https:\/\/artemavitra.com\/index.php\/wp-json\/wp\/v2\/product_brand?post=1518"},{"taxonomy":"product_cat","embeddable":true,"href":"https:\/\/artemavitra.com\/index.php\/wp-json\/wp\/v2\/product_cat?post=1518"},{"taxonomy":"product_tag","embeddable":true,"href":"https:\/\/artemavitra.com\/index.php\/wp-json\/wp\/v2\/product_tag?post=1518"}],"curies":[{"name":"wp","href":"https:\/\/api.w.org\/{rel}","templated":true}]}}