{"id":1533,"date":"2019-12-16T17:57:36","date_gmt":"2019-12-16T14:57:36","guid":{"rendered":"http:\/\/artemavitra.com\/?post_type=product&#038;p=1533"},"modified":"2024-07-22T15:39:59","modified_gmt":"2024-07-22T12:39:59","slug":"tasiyici-sol-ayak-6609030","status":"publish","type":"product","link":"https:\/\/artemavitra.com\/index.php\/urun\/tasiyici-sol-ayak-6609030\/","title":{"rendered":"Ta\u015f\u0131y\u0131c\u0131 sol ayak (6609030)"},"content":{"rendered":"<p>T\u00fcm tezgah \u00fcniteleri i\u00e7in<br \/>\nT4<\/p>\n","protected":false},"excerpt":{"rendered":"<p>T\u00fcm tezgah \u00fcniteleri i\u00e7in T4<\/p>\n","protected":false},"featured_media":1534,"comment_status":"open","ping_status":"closed","template":"","meta":[],"product_brand":[],"product_cat":[721],"product_tag":[1657,735,166,533,743,1658,985,177,1659],"class_list":{"0":"post-1533","1":"product","2":"type-product","3":"status-publish","4":"has-post-thumbnail","6":"product_cat-aksesuar-ve-tamamlayicilar","7":"product_tag-1657","8":"product_tag-ayak","9":"product_tag-icin","10":"product_tag-sol","11":"product_tag-t4","12":"product_tag-tasiyici","13":"product_tag-tezgah","14":"product_tag-tum","15":"product_tag-uniteleri","17":"first","18":"outofstock","19":"shipping-taxable","20":"product-type-simple"},"jetpack_sharing_enabled":true,"_links":{"self":[{"href":"https:\/\/artemavitra.com\/index.php\/wp-json\/wp\/v2\/product\/1533","targetHints":{"allow":["GET"]}}],"collection":[{"href":"https:\/\/artemavitra.com\/index.php\/wp-json\/wp\/v2\/product"}],"about":[{"href":"https:\/\/artemavitra.com\/index.php\/wp-json\/wp\/v2\/types\/product"}],"replies":[{"embeddable":true,"href":"https:\/\/artemavitra.com\/index.php\/wp-json\/wp\/v2\/comments?post=1533"}],"version-history":[{"count":1,"href":"https:\/\/artemavitra.com\/index.php\/wp-json\/wp\/v2\/product\/1533\/revisions"}],"predecessor-version":[{"id":1535,"href":"https:\/\/artemavitra.com\/index.php\/wp-json\/wp\/v2\/product\/1533\/revisions\/1535"}],"wp:featuredmedia":[{"embeddable":true,"href":"https:\/\/artemavitra.com\/index.php\/wp-json\/wp\/v2\/media\/1534"}],"wp:attachment":[{"href":"https:\/\/artemavitra.com\/index.php\/wp-json\/wp\/v2\/media?parent=1533"}],"wp:term":[{"taxonomy":"product_brand","embeddable":true,"href":"https:\/\/artemavitra.com\/index.php\/wp-json\/wp\/v2\/product_brand?post=1533"},{"taxonomy":"product_cat","embeddable":true,"href":"https:\/\/artemavitra.com\/index.php\/wp-json\/wp\/v2\/product_cat?post=1533"},{"taxonomy":"product_tag","embeddable":true,"href":"https:\/\/artemavitra.com\/index.php\/wp-json\/wp\/v2\/product_tag?post=1533"}],"curies":[{"name":"wp","href":"https:\/\/api.w.org\/{rel}","templated":true}]}}