{"id":1536,"date":"2019-12-16T18:00:13","date_gmt":"2019-12-16T15:00:13","guid":{"rendered":"http:\/\/artemavitra.com\/?post_type=product&#038;p=1536"},"modified":"2024-07-22T15:39:59","modified_gmt":"2024-07-22T12:39:59","slug":"tasiyici-sag-ayak-6609029","status":"publish","type":"product","link":"https:\/\/artemavitra.com\/index.php\/urun\/tasiyici-sag-ayak-6609029\/","title":{"rendered":"Ta\u015f\u0131y\u0131c\u0131 sa\u011f ayak (6609029)"},"content":{"rendered":"<p>T\u00fcm tezgah \u00fcniteleri i\u00e7in<br \/>\nT4<\/p>\n","protected":false},"excerpt":{"rendered":"<p>T\u00fcm tezgah \u00fcniteleri i\u00e7in T4<\/p>\n","protected":false},"featured_media":1537,"comment_status":"open","ping_status":"closed","template":"","meta":[],"product_brand":[],"product_cat":[721],"product_tag":[1660,725,1219,723,166,724,728,535,743,726,1658,985,177,1659],"class_list":{"0":"post-1536","1":"product","2":"type-product","3":"status-publish","4":"has-post-thumbnail","6":"product_cat-aksesuar-ve-tamamlayicilar","7":"product_tag-1660","8":"product_tag-aksesuar","9":"product_tag-ayakli","10":"product_tag-banyo","11":"product_tag-icin","12":"product_tag-mobilya","13":"product_tag-mobilyalari","14":"product_tag-sag","15":"product_tag-t4","16":"product_tag-tamamlayici","17":"product_tag-tasiyici","18":"product_tag-tezgah","19":"product_tag-tum","20":"product_tag-uniteleri","22":"first","23":"outofstock","24":"shipping-taxable","25":"product-type-simple"},"jetpack_sharing_enabled":true,"_links":{"self":[{"href":"https:\/\/artemavitra.com\/index.php\/wp-json\/wp\/v2\/product\/1536","targetHints":{"allow":["GET"]}}],"collection":[{"href":"https:\/\/artemavitra.com\/index.php\/wp-json\/wp\/v2\/product"}],"about":[{"href":"https:\/\/artemavitra.com\/index.php\/wp-json\/wp\/v2\/types\/product"}],"replies":[{"embeddable":true,"href":"https:\/\/artemavitra.com\/index.php\/wp-json\/wp\/v2\/comments?post=1536"}],"version-history":[{"count":2,"href":"https:\/\/artemavitra.com\/index.php\/wp-json\/wp\/v2\/product\/1536\/revisions"}],"predecessor-version":[{"id":1540,"href":"https:\/\/artemavitra.com\/index.php\/wp-json\/wp\/v2\/product\/1536\/revisions\/1540"}],"wp:featuredmedia":[{"embeddable":true,"href":"https:\/\/artemavitra.com\/index.php\/wp-json\/wp\/v2\/media\/1537"}],"wp:attachment":[{"href":"https:\/\/artemavitra.com\/index.php\/wp-json\/wp\/v2\/media?parent=1536"}],"wp:term":[{"taxonomy":"product_brand","embeddable":true,"href":"https:\/\/artemavitra.com\/index.php\/wp-json\/wp\/v2\/product_brand?post=1536"},{"taxonomy":"product_cat","embeddable":true,"href":"https:\/\/artemavitra.com\/index.php\/wp-json\/wp\/v2\/product_cat?post=1536"},{"taxonomy":"product_tag","embeddable":true,"href":"https:\/\/artemavitra.com\/index.php\/wp-json\/wp\/v2\/product_tag?post=1536"}],"curies":[{"name":"wp","href":"https:\/\/api.w.org\/{rel}","templated":true}]}}