{"id":1542,"date":"2019-12-16T18:06:55","date_gmt":"2019-12-16T15:06:55","guid":{"rendered":"http:\/\/artemavitra.com\/?post_type=product&#038;p=1542"},"modified":"2024-07-22T15:39:58","modified_gmt":"2024-07-22T12:39:58","slug":"ic-seperator-6606398","status":"publish","type":"product","link":"https:\/\/artemavitra.com\/index.php\/urun\/ic-seperator-6606398\/","title":{"rendered":"\u0130\u00e7 seperat\u00f6r (6606398)"},"content":{"rendered":"<p>80 ve 160 cm lavabo dolab\u0131 i\u00e7in<br \/>\nSystem Fit<\/p>\n","protected":false},"excerpt":{"rendered":"<p>80 ve 160 cm lavabo dolab\u0131 i\u00e7in System Fit<\/p>\n","protected":false},"featured_media":1543,"comment_status":"open","ping_status":"closed","template":"","meta":[],"product_brand":[],"product_cat":[721],"product_tag":[942,1661,1662,725,723,825,983,762,694,166,975,724,728,1652,761,726,966],"class_list":{"0":"post-1542","1":"product","2":"type-product","3":"status-publish","4":"has-post-thumbnail","6":"product_cat-aksesuar-ve-tamamlayicilar","7":"product_tag-942","8":"product_tag-1661","9":"product_tag-1662","10":"product_tag-aksesuar","11":"product_tag-banyo","12":"product_tag-cm","13":"product_tag-dolabi","14":"product_tag-fit","15":"product_tag-ic","16":"product_tag-icin","17":"product_tag-lavabo","18":"product_tag-mobilya","19":"product_tag-mobilyalari","20":"product_tag-seperator","21":"product_tag-system","22":"product_tag-tamamlayici","23":"product_tag-ve","25":"first","26":"outofstock","27":"shipping-taxable","28":"product-type-simple"},"jetpack_sharing_enabled":true,"_links":{"self":[{"href":"https:\/\/artemavitra.com\/index.php\/wp-json\/wp\/v2\/product\/1542","targetHints":{"allow":["GET"]}}],"collection":[{"href":"https:\/\/artemavitra.com\/index.php\/wp-json\/wp\/v2\/product"}],"about":[{"href":"https:\/\/artemavitra.com\/index.php\/wp-json\/wp\/v2\/types\/product"}],"replies":[{"embeddable":true,"href":"https:\/\/artemavitra.com\/index.php\/wp-json\/wp\/v2\/comments?post=1542"}],"version-history":[{"count":1,"href":"https:\/\/artemavitra.com\/index.php\/wp-json\/wp\/v2\/product\/1542\/revisions"}],"predecessor-version":[{"id":1544,"href":"https:\/\/artemavitra.com\/index.php\/wp-json\/wp\/v2\/product\/1542\/revisions\/1544"}],"wp:featuredmedia":[{"embeddable":true,"href":"https:\/\/artemavitra.com\/index.php\/wp-json\/wp\/v2\/media\/1543"}],"wp:attachment":[{"href":"https:\/\/artemavitra.com\/index.php\/wp-json\/wp\/v2\/media?parent=1542"}],"wp:term":[{"taxonomy":"product_brand","embeddable":true,"href":"https:\/\/artemavitra.com\/index.php\/wp-json\/wp\/v2\/product_brand?post=1542"},{"taxonomy":"product_cat","embeddable":true,"href":"https:\/\/artemavitra.com\/index.php\/wp-json\/wp\/v2\/product_cat?post=1542"},{"taxonomy":"product_tag","embeddable":true,"href":"https:\/\/artemavitra.com\/index.php\/wp-json\/wp\/v2\/product_tag?post=1542"}],"curies":[{"name":"wp","href":"https:\/\/api.w.org\/{rel}","templated":true}]}}