{"id":1548,"date":"2019-12-16T18:11:15","date_gmt":"2019-12-16T15:11:15","guid":{"rendered":"http:\/\/artemavitra.com\/?post_type=product&#038;p=1548"},"modified":"2024-07-22T15:39:57","modified_gmt":"2024-07-22T12:39:57","slug":"ic-seperator-6606399","status":"publish","type":"product","link":"https:\/\/artemavitra.com\/index.php\/urun\/ic-seperator-6606399\/","title":{"rendered":"\u0130\u00e7 seperat\u00f6r (6606399)"},"content":{"rendered":"<p>100 cm lavabo dolab\u0131 i\u00e7in<br \/>\nSystem Fit<\/p>\n","protected":false},"excerpt":{"rendered":"<p>100 cm lavabo dolab\u0131 i\u00e7in System Fit<\/p>\n","protected":false},"featured_media":1549,"comment_status":"open","ping_status":"closed","template":"","meta":[],"product_brand":[],"product_cat":[721],"product_tag":[310,1664,725,723,825,983,762,694,166,975,724,728,1652,761,726],"class_list":{"0":"post-1548","1":"product","2":"type-product","3":"status-publish","4":"has-post-thumbnail","6":"product_cat-aksesuar-ve-tamamlayicilar","7":"product_tag-310","8":"product_tag-1664","9":"product_tag-aksesuar","10":"product_tag-banyo","11":"product_tag-cm","12":"product_tag-dolabi","13":"product_tag-fit","14":"product_tag-ic","15":"product_tag-icin","16":"product_tag-lavabo","17":"product_tag-mobilya","18":"product_tag-mobilyalari","19":"product_tag-seperator","20":"product_tag-system","21":"product_tag-tamamlayici","23":"first","24":"outofstock","25":"shipping-taxable","26":"product-type-simple"},"jetpack_sharing_enabled":true,"_links":{"self":[{"href":"https:\/\/artemavitra.com\/index.php\/wp-json\/wp\/v2\/product\/1548","targetHints":{"allow":["GET"]}}],"collection":[{"href":"https:\/\/artemavitra.com\/index.php\/wp-json\/wp\/v2\/product"}],"about":[{"href":"https:\/\/artemavitra.com\/index.php\/wp-json\/wp\/v2\/types\/product"}],"replies":[{"embeddable":true,"href":"https:\/\/artemavitra.com\/index.php\/wp-json\/wp\/v2\/comments?post=1548"}],"version-history":[{"count":1,"href":"https:\/\/artemavitra.com\/index.php\/wp-json\/wp\/v2\/product\/1548\/revisions"}],"predecessor-version":[{"id":1550,"href":"https:\/\/artemavitra.com\/index.php\/wp-json\/wp\/v2\/product\/1548\/revisions\/1550"}],"wp:featuredmedia":[{"embeddable":true,"href":"https:\/\/artemavitra.com\/index.php\/wp-json\/wp\/v2\/media\/1549"}],"wp:attachment":[{"href":"https:\/\/artemavitra.com\/index.php\/wp-json\/wp\/v2\/media?parent=1548"}],"wp:term":[{"taxonomy":"product_brand","embeddable":true,"href":"https:\/\/artemavitra.com\/index.php\/wp-json\/wp\/v2\/product_brand?post=1548"},{"taxonomy":"product_cat","embeddable":true,"href":"https:\/\/artemavitra.com\/index.php\/wp-json\/wp\/v2\/product_cat?post=1548"},{"taxonomy":"product_tag","embeddable":true,"href":"https:\/\/artemavitra.com\/index.php\/wp-json\/wp\/v2\/product_tag?post=1548"}],"curies":[{"name":"wp","href":"https:\/\/api.w.org\/{rel}","templated":true}]}}