{"id":156,"date":"2019-12-12T23:13:12","date_gmt":"2019-12-12T20:13:12","guid":{"rendered":"http:\/\/artemavitra.com\/?post_type=product&#038;p=156"},"modified":"2024-07-22T15:49:42","modified_gmt":"2024-07-22T12:49:42","slug":"kapak-mentese-dubeli-uzun-421817yp1te","status":"publish","type":"product","link":"https:\/\/artemavitra.com\/index.php\/urun\/kapak-mentese-dubeli-uzun-421817yp1te\/","title":{"rendered":"Kapak mente\u015fe d\u00fcbeli-Uzun (421817YP1TE)"},"content":{"rendered":"<p>Turkuaz, Akik, Bedensel Engelli, Decada, Montana, Mona,<br \/>\nNuova, Retro, Retro k\u0131sa, Genel Kullan\u0131m klozet kapaklar\u0131<br \/>\nplastik borusu 08-10-20-22-28-29-32-35-43-47<\/p>\n","protected":false},"excerpt":{"rendered":"<p>Turkuaz, Akik, Bedensel Engelli, Decada, Montana, Mona, Nuova, Retro, Retro k\u0131sa, Genel Kullan\u0131m klozet kapaklar\u0131 plastik borusu 08-10-20-22-28-29-32-35-43-47<\/p>\n","protected":false},"featured_media":157,"comment_status":"open","ping_status":"closed","template":"","meta":[],"product_brand":[],"product_cat":[18],"product_tag":[28,125,126,60,62,274,64,66,266,275,127,121,268,272,273,193,129,130,124,270,22,21,269,20,271,38,39,139,259,142,26,149,27,267],"class_list":{"0":"post-156","1":"product","2":"type-product","3":"status-publish","4":"has-post-thumbnail","6":"product_cat-klozet-kapaklari","7":"product_tag-28","8":"product_tag-125","9":"product_tag-126","10":"product_tag-60","11":"product_tag-62","12":"product_tag-274","13":"product_tag-64","14":"product_tag-66","15":"product_tag-421817yp1te","16":"product_tag-275","17":"product_tag-127","18":"product_tag-akik","19":"product_tag-bedense","20":"product_tag-boru","21":"product_tag-borusu","22":"product_tag-decada","23":"product_tag-dubel","24":"product_tag-dubeli","25":"product_tag-engelli","26":"product_tag-genel","27":"product_tag-kapagi","28":"product_tag-kapak","29":"product_tag-kisa","30":"product_tag-klozet","31":"product_tag-kullanim","32":"product_tag-mentese","33":"product_tag-mentesesi","34":"product_tag-mona","35":"product_tag-montana","36":"product_tag-nuova","37":"product_tag-plastik","38":"product_tag-retro","39":"product_tag-turkuaz","40":"product_tag-uzun","42":"first","43":"instock","44":"shipping-taxable","45":"product-type-simple"},"jetpack_sharing_enabled":true,"_links":{"self":[{"href":"https:\/\/artemavitra.com\/index.php\/wp-json\/wp\/v2\/product\/156","targetHints":{"allow":["GET"]}}],"collection":[{"href":"https:\/\/artemavitra.com\/index.php\/wp-json\/wp\/v2\/product"}],"about":[{"href":"https:\/\/artemavitra.com\/index.php\/wp-json\/wp\/v2\/types\/product"}],"replies":[{"embeddable":true,"href":"https:\/\/artemavitra.com\/index.php\/wp-json\/wp\/v2\/comments?post=156"}],"version-history":[{"count":0,"href":"https:\/\/artemavitra.com\/index.php\/wp-json\/wp\/v2\/product\/156\/revisions"}],"wp:featuredmedia":[{"embeddable":true,"href":"https:\/\/artemavitra.com\/index.php\/wp-json\/wp\/v2\/media\/157"}],"wp:attachment":[{"href":"https:\/\/artemavitra.com\/index.php\/wp-json\/wp\/v2\/media?parent=156"}],"wp:term":[{"taxonomy":"product_brand","embeddable":true,"href":"https:\/\/artemavitra.com\/index.php\/wp-json\/wp\/v2\/product_brand?post=156"},{"taxonomy":"product_cat","embeddable":true,"href":"https:\/\/artemavitra.com\/index.php\/wp-json\/wp\/v2\/product_cat?post=156"},{"taxonomy":"product_tag","embeddable":true,"href":"https:\/\/artemavitra.com\/index.php\/wp-json\/wp\/v2\/product_tag?post=156"}],"curies":[{"name":"wp","href":"https:\/\/api.w.org\/{rel}","templated":true}]}}