{"id":1562,"date":"2019-12-16T18:19:24","date_gmt":"2019-12-16T15:19:24","guid":{"rendered":"http:\/\/artemavitra.com\/?post_type=product&#038;p=1562"},"modified":"2024-07-22T15:39:54","modified_gmt":"2024-07-22T12:39:54","slug":"ic-seperator-6606400","status":"publish","type":"product","link":"https:\/\/artemavitra.com\/index.php\/urun\/ic-seperator-6606400\/","title":{"rendered":"\u0130\u00e7 seperat\u00f6r (6606400)"},"content":{"rendered":"<p>120 cm lavabo dolab\u0131 i\u00e7in<br \/>\nSystem Infinit<\/p>\n","protected":false},"excerpt":{"rendered":"<p>120 cm lavabo dolab\u0131 i\u00e7in System Infinit<\/p>\n","protected":false},"featured_media":1563,"comment_status":"open","ping_status":"closed","template":"","meta":[],"product_brand":[],"product_cat":[721],"product_tag":[102,1672,725,723,825,983,694,166,763,975,724,728,1652,761,726],"class_list":{"0":"post-1562","1":"product","2":"type-product","3":"status-publish","4":"has-post-thumbnail","6":"product_cat-aksesuar-ve-tamamlayicilar","7":"product_tag-102","8":"product_tag-1672","9":"product_tag-aksesuar","10":"product_tag-banyo","11":"product_tag-cm","12":"product_tag-dolabi","13":"product_tag-ic","14":"product_tag-icin","15":"product_tag-infinit","16":"product_tag-lavabo","17":"product_tag-mobilya","18":"product_tag-mobilyalari","19":"product_tag-seperator","20":"product_tag-system","21":"product_tag-tamamlayici","23":"first","24":"outofstock","25":"shipping-taxable","26":"product-type-simple"},"jetpack_sharing_enabled":true,"_links":{"self":[{"href":"https:\/\/artemavitra.com\/index.php\/wp-json\/wp\/v2\/product\/1562","targetHints":{"allow":["GET"]}}],"collection":[{"href":"https:\/\/artemavitra.com\/index.php\/wp-json\/wp\/v2\/product"}],"about":[{"href":"https:\/\/artemavitra.com\/index.php\/wp-json\/wp\/v2\/types\/product"}],"replies":[{"embeddable":true,"href":"https:\/\/artemavitra.com\/index.php\/wp-json\/wp\/v2\/comments?post=1562"}],"version-history":[{"count":1,"href":"https:\/\/artemavitra.com\/index.php\/wp-json\/wp\/v2\/product\/1562\/revisions"}],"predecessor-version":[{"id":1564,"href":"https:\/\/artemavitra.com\/index.php\/wp-json\/wp\/v2\/product\/1562\/revisions\/1564"}],"wp:featuredmedia":[{"embeddable":true,"href":"https:\/\/artemavitra.com\/index.php\/wp-json\/wp\/v2\/media\/1563"}],"wp:attachment":[{"href":"https:\/\/artemavitra.com\/index.php\/wp-json\/wp\/v2\/media?parent=1562"}],"wp:term":[{"taxonomy":"product_brand","embeddable":true,"href":"https:\/\/artemavitra.com\/index.php\/wp-json\/wp\/v2\/product_brand?post=1562"},{"taxonomy":"product_cat","embeddable":true,"href":"https:\/\/artemavitra.com\/index.php\/wp-json\/wp\/v2\/product_cat?post=1562"},{"taxonomy":"product_tag","embeddable":true,"href":"https:\/\/artemavitra.com\/index.php\/wp-json\/wp\/v2\/product_tag?post=1562"}],"curies":[{"name":"wp","href":"https:\/\/api.w.org\/{rel}","templated":true}]}}