{"id":1601,"date":"2019-12-16T18:46:03","date_gmt":"2019-12-16T15:46:03","guid":{"rendered":"http:\/\/artemavitra.com\/?post_type=product&#038;p=1601"},"modified":"2024-07-22T15:39:46","modified_gmt":"2024-07-22T12:39:46","slug":"guc-unitesi-kapagi-6614149","status":"publish","type":"product","link":"https:\/\/artemavitra.com\/index.php\/urun\/guc-unitesi-kapagi-6614149\/","title":{"rendered":"G\u00fc\u00e7 \u00fcnitesi kapa\u011f\u0131 (6614149)"},"content":{"rendered":"<p>Blum 209001 ABD<br \/>\nSento<\/p>\n","protected":false},"excerpt":{"rendered":"<p>Blum 209001 ABD Sento<\/p>\n","protected":false},"featured_media":1602,"comment_status":"open","ping_status":"closed","template":"","meta":[],"product_brand":[],"product_cat":[721],"product_tag":[1697,1695,1698,725,723,1696,564,22,724,728,457,726,673],"class_list":{"0":"post-1601","1":"product","2":"type-product","3":"status-publish","4":"has-post-thumbnail","6":"product_cat-aksesuar-ve-tamamlayicilar","7":"product_tag-1697","8":"product_tag-1695","9":"product_tag-abd","10":"product_tag-aksesuar","11":"product_tag-banyo","12":"product_tag-blum","13":"product_tag-guc","14":"product_tag-kapagi","15":"product_tag-mobilya","16":"product_tag-mobilyalari","17":"product_tag-sento","18":"product_tag-tamamlayici","19":"product_tag-unitesi","21":"first","22":"outofstock","23":"shipping-taxable","24":"product-type-simple"},"jetpack_sharing_enabled":true,"_links":{"self":[{"href":"https:\/\/artemavitra.com\/index.php\/wp-json\/wp\/v2\/product\/1601","targetHints":{"allow":["GET"]}}],"collection":[{"href":"https:\/\/artemavitra.com\/index.php\/wp-json\/wp\/v2\/product"}],"about":[{"href":"https:\/\/artemavitra.com\/index.php\/wp-json\/wp\/v2\/types\/product"}],"replies":[{"embeddable":true,"href":"https:\/\/artemavitra.com\/index.php\/wp-json\/wp\/v2\/comments?post=1601"}],"version-history":[{"count":1,"href":"https:\/\/artemavitra.com\/index.php\/wp-json\/wp\/v2\/product\/1601\/revisions"}],"predecessor-version":[{"id":1603,"href":"https:\/\/artemavitra.com\/index.php\/wp-json\/wp\/v2\/product\/1601\/revisions\/1603"}],"wp:featuredmedia":[{"embeddable":true,"href":"https:\/\/artemavitra.com\/index.php\/wp-json\/wp\/v2\/media\/1602"}],"wp:attachment":[{"href":"https:\/\/artemavitra.com\/index.php\/wp-json\/wp\/v2\/media?parent=1601"}],"wp:term":[{"taxonomy":"product_brand","embeddable":true,"href":"https:\/\/artemavitra.com\/index.php\/wp-json\/wp\/v2\/product_brand?post=1601"},{"taxonomy":"product_cat","embeddable":true,"href":"https:\/\/artemavitra.com\/index.php\/wp-json\/wp\/v2\/product_cat?post=1601"},{"taxonomy":"product_tag","embeddable":true,"href":"https:\/\/artemavitra.com\/index.php\/wp-json\/wp\/v2\/product_tag?post=1601"}],"curies":[{"name":"wp","href":"https:\/\/api.w.org\/{rel}","templated":true}]}}