{"id":1620,"date":"2019-12-16T18:55:15","date_gmt":"2019-12-16T15:55:15","guid":{"rendered":"http:\/\/artemavitra.com\/?post_type=product&#038;p=1620"},"modified":"2024-07-22T15:39:42","modified_gmt":"2024-07-22T12:39:42","slug":"sac-kurutma-makinasi-tablasi-6613773","status":"publish","type":"product","link":"https:\/\/artemavitra.com\/index.php\/urun\/sac-kurutma-makinasi-tablasi-6613773\/","title":{"rendered":"Sa\u00e7 kurutma makinas\u0131 tablas\u0131 (6613773)"},"content":{"rendered":"<p>Beyaz<br \/>\nSento<\/p>\n","protected":false},"excerpt":{"rendered":"<p>Beyaz Sento<\/p>\n","protected":false},"featured_media":1621,"comment_status":"open","ping_status":"closed","template":"","meta":[],"product_brand":[],"product_cat":[721],"product_tag":[1708,725,723,44,1709,1710,724,728,1511,457,1711,726],"class_list":{"0":"post-1620","1":"product","2":"type-product","3":"status-publish","4":"has-post-thumbnail","6":"product_cat-aksesuar-ve-tamamlayicilar","7":"product_tag-1708","8":"product_tag-aksesuar","9":"product_tag-banyo","10":"product_tag-beyaz","11":"product_tag-kurutma","12":"product_tag-makinasi","13":"product_tag-mobilya","14":"product_tag-mobilyalari","15":"product_tag-sac","16":"product_tag-sento","17":"product_tag-tablasi","18":"product_tag-tamamlayici","20":"first","21":"outofstock","22":"shipping-taxable","23":"product-type-simple"},"jetpack_sharing_enabled":true,"_links":{"self":[{"href":"https:\/\/artemavitra.com\/index.php\/wp-json\/wp\/v2\/product\/1620","targetHints":{"allow":["GET"]}}],"collection":[{"href":"https:\/\/artemavitra.com\/index.php\/wp-json\/wp\/v2\/product"}],"about":[{"href":"https:\/\/artemavitra.com\/index.php\/wp-json\/wp\/v2\/types\/product"}],"replies":[{"embeddable":true,"href":"https:\/\/artemavitra.com\/index.php\/wp-json\/wp\/v2\/comments?post=1620"}],"version-history":[{"count":1,"href":"https:\/\/artemavitra.com\/index.php\/wp-json\/wp\/v2\/product\/1620\/revisions"}],"predecessor-version":[{"id":1622,"href":"https:\/\/artemavitra.com\/index.php\/wp-json\/wp\/v2\/product\/1620\/revisions\/1622"}],"wp:featuredmedia":[{"embeddable":true,"href":"https:\/\/artemavitra.com\/index.php\/wp-json\/wp\/v2\/media\/1621"}],"wp:attachment":[{"href":"https:\/\/artemavitra.com\/index.php\/wp-json\/wp\/v2\/media?parent=1620"}],"wp:term":[{"taxonomy":"product_brand","embeddable":true,"href":"https:\/\/artemavitra.com\/index.php\/wp-json\/wp\/v2\/product_brand?post=1620"},{"taxonomy":"product_cat","embeddable":true,"href":"https:\/\/artemavitra.com\/index.php\/wp-json\/wp\/v2\/product_cat?post=1620"},{"taxonomy":"product_tag","embeddable":true,"href":"https:\/\/artemavitra.com\/index.php\/wp-json\/wp\/v2\/product_tag?post=1620"}],"curies":[{"name":"wp","href":"https:\/\/api.w.org\/{rel}","templated":true}]}}