{"id":1633,"date":"2019-12-16T19:02:01","date_gmt":"2019-12-16T16:02:01","guid":{"rendered":"http:\/\/artemavitra.com\/?post_type=product&#038;p=1633"},"modified":"2024-07-22T15:39:40","modified_gmt":"2024-07-22T12:39:40","slug":"camasir-sepeti-6613776","status":"publish","type":"product","link":"https:\/\/artemavitra.com\/index.php\/urun\/camasir-sepeti-6613776\/","title":{"rendered":"\u00c7ama\u015f\u0131r sepeti (6613776)"},"content":{"rendered":"<p>Tel+Bez aks+deterjanl\u0131<br \/>\nSento, Nest Trendy<\/p>\n","protected":false},"excerpt":{"rendered":"<p>Tel+Bez aks+deterjanl\u0131 Sento, Nest Trendy<\/p>\n","protected":false},"featured_media":1635,"comment_status":"open","ping_status":"closed","template":"","meta":[],"product_brand":[],"product_cat":[721],"product_tag":[1721,1723,725,723,1722,806,1724,724,728,754,457,1650,726,1668,755],"class_list":{"0":"post-1633","1":"product","2":"type-product","3":"status-publish","4":"has-post-thumbnail","6":"product_cat-aksesuar-ve-tamamlayicilar","7":"product_tag-1721","8":"product_tag-aks","9":"product_tag-aksesuar","10":"product_tag-banyo","11":"product_tag-bez","12":"product_tag-camasir","13":"product_tag-deterjanli","14":"product_tag-mobilya","15":"product_tag-mobilyalari","16":"product_tag-nest","17":"product_tag-sento","18":"product_tag-sepeti","19":"product_tag-tamamlayici","20":"product_tag-tel","21":"product_tag-trendy","23":"first","24":"outofstock","25":"shipping-taxable","26":"product-type-simple"},"jetpack_sharing_enabled":true,"_links":{"self":[{"href":"https:\/\/artemavitra.com\/index.php\/wp-json\/wp\/v2\/product\/1633","targetHints":{"allow":["GET"]}}],"collection":[{"href":"https:\/\/artemavitra.com\/index.php\/wp-json\/wp\/v2\/product"}],"about":[{"href":"https:\/\/artemavitra.com\/index.php\/wp-json\/wp\/v2\/types\/product"}],"replies":[{"embeddable":true,"href":"https:\/\/artemavitra.com\/index.php\/wp-json\/wp\/v2\/comments?post=1633"}],"version-history":[{"count":1,"href":"https:\/\/artemavitra.com\/index.php\/wp-json\/wp\/v2\/product\/1633\/revisions"}],"predecessor-version":[{"id":1636,"href":"https:\/\/artemavitra.com\/index.php\/wp-json\/wp\/v2\/product\/1633\/revisions\/1636"}],"wp:featuredmedia":[{"embeddable":true,"href":"https:\/\/artemavitra.com\/index.php\/wp-json\/wp\/v2\/media\/1635"}],"wp:attachment":[{"href":"https:\/\/artemavitra.com\/index.php\/wp-json\/wp\/v2\/media?parent=1633"}],"wp:term":[{"taxonomy":"product_brand","embeddable":true,"href":"https:\/\/artemavitra.com\/index.php\/wp-json\/wp\/v2\/product_brand?post=1633"},{"taxonomy":"product_cat","embeddable":true,"href":"https:\/\/artemavitra.com\/index.php\/wp-json\/wp\/v2\/product_cat?post=1633"},{"taxonomy":"product_tag","embeddable":true,"href":"https:\/\/artemavitra.com\/index.php\/wp-json\/wp\/v2\/product_tag?post=1633"}],"curies":[{"name":"wp","href":"https:\/\/api.w.org\/{rel}","templated":true}]}}