{"id":1674,"date":"2019-12-17T13:24:07","date_gmt":"2019-12-17T10:24:07","guid":{"rendered":"http:\/\/artemavitra.com\/?post_type=product&#038;p=1674"},"modified":"2024-07-22T15:39:34","modified_gmt":"2024-07-22T12:39:34","slug":"dubelli-aski-elemani-6605775","status":"publish","type":"product","link":"https:\/\/artemavitra.com\/index.php\/urun\/dubelli-aski-elemani-6605775\/","title":{"rendered":"D\u00fcbelli ask\u0131 eleman\u0131 (6605775)"},"content":{"rendered":"<p>Sa\u011f<br \/>\nCasa+,Frame, Gala, Gala Classic, Mira, Sento, System Fit, Integra<\/p>\n","protected":false},"excerpt":{"rendered":"<p>Sa\u011f Casa+,Frame, Gala, Gala Classic, Mira, Sento, System Fit, Integra<\/p>\n","protected":false},"featured_media":1675,"comment_status":"open","ping_status":"closed","template":"","meta":[],"product_brand":[],"product_cat":[773],"product_tag":[1755,775,723,760,750,1754,776,1045,767,748,782,947,724,728,686,777,535,457,889],"class_list":{"0":"post-1674","1":"product","2":"type-product","3":"status-publish","4":"has-post-thumbnail","6":"product_cat-aski-elemani-parcalari","7":"product_tag-1755","8":"product_tag-aski","9":"product_tag-banyo","10":"product_tag-casa","11":"product_tag-classic","12":"product_tag-dubelli","13":"product_tag-eleman","14":"product_tag-elemani","15":"product_tag-frame","16":"product_tag-gala","17":"product_tag-integra","18":"product_tag-mira","19":"product_tag-mobilya","20":"product_tag-mobilyalari","21":"product_tag-parca","22":"product_tag-parcalari","23":"product_tag-sag","24":"product_tag-sento","25":"product_tag-system-fit","27":"first","28":"outofstock","29":"shipping-taxable","30":"product-type-simple"},"jetpack_sharing_enabled":true,"_links":{"self":[{"href":"https:\/\/artemavitra.com\/index.php\/wp-json\/wp\/v2\/product\/1674","targetHints":{"allow":["GET"]}}],"collection":[{"href":"https:\/\/artemavitra.com\/index.php\/wp-json\/wp\/v2\/product"}],"about":[{"href":"https:\/\/artemavitra.com\/index.php\/wp-json\/wp\/v2\/types\/product"}],"replies":[{"embeddable":true,"href":"https:\/\/artemavitra.com\/index.php\/wp-json\/wp\/v2\/comments?post=1674"}],"version-history":[{"count":1,"href":"https:\/\/artemavitra.com\/index.php\/wp-json\/wp\/v2\/product\/1674\/revisions"}],"predecessor-version":[{"id":1676,"href":"https:\/\/artemavitra.com\/index.php\/wp-json\/wp\/v2\/product\/1674\/revisions\/1676"}],"wp:featuredmedia":[{"embeddable":true,"href":"https:\/\/artemavitra.com\/index.php\/wp-json\/wp\/v2\/media\/1675"}],"wp:attachment":[{"href":"https:\/\/artemavitra.com\/index.php\/wp-json\/wp\/v2\/media?parent=1674"}],"wp:term":[{"taxonomy":"product_brand","embeddable":true,"href":"https:\/\/artemavitra.com\/index.php\/wp-json\/wp\/v2\/product_brand?post=1674"},{"taxonomy":"product_cat","embeddable":true,"href":"https:\/\/artemavitra.com\/index.php\/wp-json\/wp\/v2\/product_cat?post=1674"},{"taxonomy":"product_tag","embeddable":true,"href":"https:\/\/artemavitra.com\/index.php\/wp-json\/wp\/v2\/product_tag?post=1674"}],"curies":[{"name":"wp","href":"https:\/\/api.w.org\/{rel}","templated":true}]}}