{"id":168,"date":"2019-12-12T23:32:45","date_gmt":"2019-12-12T20:32:45","guid":{"rendered":"http:\/\/artemavitra.com\/?post_type=product&#038;p=168"},"modified":"2024-07-22T15:49:39","modified_gmt":"2024-07-22T12:49:39","slug":"39-inox-vida-421901yp1te","status":"publish","type":"product","link":"https:\/\/artemavitra.com\/index.php\/urun\/39-inox-vida-421901yp1te\/","title":{"rendered":"3,9 inox vida (421901YP1TE)"},"content":{"rendered":"<p>Toskana, Turkuaz, Ihlara, Decada, Montana, Seawell, Mona, Nuova,<br \/>\nRetro-flat, S50 ve t\u00fcm pisuvar kapaklar\u0131<br \/>\nMente\u015fe montaj vidas\u0131 06-08-12-22-28-29-30-32-34-35-51-61<\/p>\n","protected":false},"excerpt":{"rendered":"<p>Toskana, Turkuaz, Ihlara, Decada, Montana, Seawell, Mona, Nuova, Retro-flat, S50 ve t\u00fcm pisuvar kapaklar\u0131 Mente\u015fe montaj vidas\u0131 06-08-12-22-28-29-30-32-34-35-51-61<\/p>\n","protected":false},"featured_media":169,"comment_status":"open","ping_status":"closed","template":"","meta":[],"product_brand":[],"product_cat":[18],"product_tag":[35,28,36,60,62,274,299,63,64,65,66,298,305,78,193,302,301,300,40,22,21,303,20,38,39,139,23,259,142,138,149,261,280,114,177,27,229,304],"class_list":{"0":"post-168","1":"product","2":"type-product","3":"status-publish","4":"has-post-thumbnail","6":"product_cat-klozet-kapaklari","7":"product_tag-35","8":"product_tag-28","9":"product_tag-36","10":"product_tag-60","11":"product_tag-62","12":"product_tag-274","13":"product_tag-3-9","14":"product_tag-63","15":"product_tag-64","16":"product_tag-65","17":"product_tag-66","18":"product_tag-421901yp1te","19":"product_tag-305","20":"product_tag-78","21":"product_tag-decada","22":"product_tag-flat","23":"product_tag-inoks","24":"product_tag-inox","25":"product_tag-ihlara","26":"product_tag-kapagi","27":"product_tag-kapak","28":"product_tag-kapaklari","29":"product_tag-klozet","30":"product_tag-mentese","31":"product_tag-mentesesi","32":"product_tag-mona","33":"product_tag-montaj","34":"product_tag-montana","35":"product_tag-nuova","36":"product_tag-pisuvar","37":"product_tag-retro","38":"product_tag-s50","39":"product_tag-seawell","40":"product_tag-toskana","41":"product_tag-tum","42":"product_tag-turkuaz","43":"product_tag-vida","44":"product_tag-vidasi","46":"first","47":"instock","48":"shipping-taxable","49":"product-type-simple"},"jetpack_sharing_enabled":true,"_links":{"self":[{"href":"https:\/\/artemavitra.com\/index.php\/wp-json\/wp\/v2\/product\/168","targetHints":{"allow":["GET"]}}],"collection":[{"href":"https:\/\/artemavitra.com\/index.php\/wp-json\/wp\/v2\/product"}],"about":[{"href":"https:\/\/artemavitra.com\/index.php\/wp-json\/wp\/v2\/types\/product"}],"replies":[{"embeddable":true,"href":"https:\/\/artemavitra.com\/index.php\/wp-json\/wp\/v2\/comments?post=168"}],"version-history":[{"count":0,"href":"https:\/\/artemavitra.com\/index.php\/wp-json\/wp\/v2\/product\/168\/revisions"}],"wp:featuredmedia":[{"embeddable":true,"href":"https:\/\/artemavitra.com\/index.php\/wp-json\/wp\/v2\/media\/169"}],"wp:attachment":[{"href":"https:\/\/artemavitra.com\/index.php\/wp-json\/wp\/v2\/media?parent=168"}],"wp:term":[{"taxonomy":"product_brand","embeddable":true,"href":"https:\/\/artemavitra.com\/index.php\/wp-json\/wp\/v2\/product_brand?post=168"},{"taxonomy":"product_cat","embeddable":true,"href":"https:\/\/artemavitra.com\/index.php\/wp-json\/wp\/v2\/product_cat?post=168"},{"taxonomy":"product_tag","embeddable":true,"href":"https:\/\/artemavitra.com\/index.php\/wp-json\/wp\/v2\/product_tag?post=168"}],"curies":[{"name":"wp","href":"https:\/\/api.w.org\/{rel}","templated":true}]}}