{"id":1680,"date":"2019-12-17T13:27:00","date_gmt":"2019-12-17T10:27:00","guid":{"rendered":"http:\/\/artemavitra.com\/?post_type=product&#038;p=1680"},"modified":"2024-07-22T15:39:31","modified_gmt":"2024-07-22T12:39:31","slug":"aski-elemani-6600357","status":"publish","type":"product","link":"https:\/\/artemavitra.com\/index.php\/urun\/aski-elemani-6600357\/","title":{"rendered":"Ask\u0131 eleman\u0131 (6600357)"},"content":{"rendered":"<p>Sa\u011f<br \/>\nDolapl\u0131 aynalar, boy dolaplar<br \/>\nIntegra, Valerta<\/p>\n","protected":false},"excerpt":{"rendered":"<p>Sa\u011f Dolapl\u0131 aynalar, boy dolaplar Integra, Valerta<\/p>\n","protected":false},"featured_media":1682,"comment_status":"open","ping_status":"closed","template":"","meta":[],"product_brand":[],"product_cat":[773],"product_tag":[1757,775,784,723,771,965,868,776,1045,782,724,728,686,777,535,737],"class_list":{"0":"post-1680","1":"product","2":"type-product","3":"status-publish","4":"has-post-thumbnail","6":"product_cat-aski-elemani-parcalari","7":"product_tag-1757","8":"product_tag-aski","9":"product_tag-aynalar","10":"product_tag-banyo","11":"product_tag-boy","12":"product_tag-dolaplar","13":"product_tag-dolapli","14":"product_tag-eleman","15":"product_tag-elemani","16":"product_tag-integra","17":"product_tag-mobilya","18":"product_tag-mobilyalari","19":"product_tag-parca","20":"product_tag-parcalari","21":"product_tag-sag","22":"product_tag-valerta","24":"first","25":"outofstock","26":"shipping-taxable","27":"product-type-simple"},"jetpack_sharing_enabled":true,"_links":{"self":[{"href":"https:\/\/artemavitra.com\/index.php\/wp-json\/wp\/v2\/product\/1680","targetHints":{"allow":["GET"]}}],"collection":[{"href":"https:\/\/artemavitra.com\/index.php\/wp-json\/wp\/v2\/product"}],"about":[{"href":"https:\/\/artemavitra.com\/index.php\/wp-json\/wp\/v2\/types\/product"}],"replies":[{"embeddable":true,"href":"https:\/\/artemavitra.com\/index.php\/wp-json\/wp\/v2\/comments?post=1680"}],"version-history":[{"count":1,"href":"https:\/\/artemavitra.com\/index.php\/wp-json\/wp\/v2\/product\/1680\/revisions"}],"predecessor-version":[{"id":1683,"href":"https:\/\/artemavitra.com\/index.php\/wp-json\/wp\/v2\/product\/1680\/revisions\/1683"}],"wp:featuredmedia":[{"embeddable":true,"href":"https:\/\/artemavitra.com\/index.php\/wp-json\/wp\/v2\/media\/1682"}],"wp:attachment":[{"href":"https:\/\/artemavitra.com\/index.php\/wp-json\/wp\/v2\/media?parent=1680"}],"wp:term":[{"taxonomy":"product_brand","embeddable":true,"href":"https:\/\/artemavitra.com\/index.php\/wp-json\/wp\/v2\/product_brand?post=1680"},{"taxonomy":"product_cat","embeddable":true,"href":"https:\/\/artemavitra.com\/index.php\/wp-json\/wp\/v2\/product_cat?post=1680"},{"taxonomy":"product_tag","embeddable":true,"href":"https:\/\/artemavitra.com\/index.php\/wp-json\/wp\/v2\/product_tag?post=1680"}],"curies":[{"name":"wp","href":"https:\/\/api.w.org\/{rel}","templated":true}]}}