{"id":1702,"date":"2019-12-17T13:36:09","date_gmt":"2019-12-17T10:36:09","guid":{"rendered":"http:\/\/artemavitra.com\/?post_type=product&#038;p=1702"},"modified":"2024-07-22T15:39:21","modified_gmt":"2024-07-22T12:39:21","slug":"kisa-aski-aparati-6605894","status":"publish","type":"product","link":"https:\/\/artemavitra.com\/index.php\/urun\/kisa-aski-aparati-6605894\/","title":{"rendered":"K\u0131sa ask\u0131 aparat\u0131 (6605894)"},"content":{"rendered":"<p>Sol<br \/>\n\u00dcst tablal\u0131 lavabo dolaplar\u0131 ortak kullan\u0131m<br \/>\nShift, Integra<\/p>\n","protected":false},"excerpt":{"rendered":"<p>Sol \u00dcst tablal\u0131 lavabo dolaplar\u0131 ortak kullan\u0131m Shift, Integra<\/p>\n","protected":false},"featured_media":1703,"comment_status":"open","ping_status":"closed","template":"","meta":[],"product_brand":[],"product_cat":[773],"product_tag":[1770,25,775,723,1769,776,1045,782,269,271,975,724,728,705,686,777,349,533,1768,54],"class_list":{"0":"post-1702","1":"product","2":"type-product","3":"status-publish","4":"has-post-thumbnail","6":"product_cat-aski-elemani-parcalari","7":"product_tag-1770","8":"product_tag-aparati","9":"product_tag-aski","10":"product_tag-banyo","11":"product_tag-dolaplari","12":"product_tag-eleman","13":"product_tag-elemani","14":"product_tag-integra","15":"product_tag-kisa","16":"product_tag-kullanim","17":"product_tag-lavabo","18":"product_tag-mobilya","19":"product_tag-mobilyalari","20":"product_tag-ortak","21":"product_tag-parca","22":"product_tag-parcalari","23":"product_tag-shift","24":"product_tag-sol","25":"product_tag-tablali","26":"product_tag-ust","28":"first","29":"outofstock","30":"shipping-taxable","31":"product-type-simple"},"jetpack_sharing_enabled":true,"_links":{"self":[{"href":"https:\/\/artemavitra.com\/index.php\/wp-json\/wp\/v2\/product\/1702","targetHints":{"allow":["GET"]}}],"collection":[{"href":"https:\/\/artemavitra.com\/index.php\/wp-json\/wp\/v2\/product"}],"about":[{"href":"https:\/\/artemavitra.com\/index.php\/wp-json\/wp\/v2\/types\/product"}],"replies":[{"embeddable":true,"href":"https:\/\/artemavitra.com\/index.php\/wp-json\/wp\/v2\/comments?post=1702"}],"version-history":[{"count":1,"href":"https:\/\/artemavitra.com\/index.php\/wp-json\/wp\/v2\/product\/1702\/revisions"}],"predecessor-version":[{"id":1704,"href":"https:\/\/artemavitra.com\/index.php\/wp-json\/wp\/v2\/product\/1702\/revisions\/1704"}],"wp:featuredmedia":[{"embeddable":true,"href":"https:\/\/artemavitra.com\/index.php\/wp-json\/wp\/v2\/media\/1703"}],"wp:attachment":[{"href":"https:\/\/artemavitra.com\/index.php\/wp-json\/wp\/v2\/media?parent=1702"}],"wp:term":[{"taxonomy":"product_brand","embeddable":true,"href":"https:\/\/artemavitra.com\/index.php\/wp-json\/wp\/v2\/product_brand?post=1702"},{"taxonomy":"product_cat","embeddable":true,"href":"https:\/\/artemavitra.com\/index.php\/wp-json\/wp\/v2\/product_cat?post=1702"},{"taxonomy":"product_tag","embeddable":true,"href":"https:\/\/artemavitra.com\/index.php\/wp-json\/wp\/v2\/product_tag?post=1702"}],"curies":[{"name":"wp","href":"https:\/\/api.w.org\/{rel}","templated":true}]}}