{"id":1714,"date":"2019-12-17T13:40:38","date_gmt":"2019-12-17T10:40:38","guid":{"rendered":"http:\/\/artemavitra.com\/?post_type=product&#038;p=1714"},"modified":"2024-07-22T15:39:16","modified_gmt":"2024-07-22T12:39:16","slug":"uzun-aski-aparati-6605895","status":"publish","type":"product","link":"https:\/\/artemavitra.com\/index.php\/urun\/uzun-aski-aparati-6605895\/","title":{"rendered":"Uzun Ask\u0131 Aparat\u0131 (6605895)"},"content":{"rendered":"<p>Sa\u011f<br \/>\n\u00dcst tablal\u0131 lavabo dolaplar\u0131 ortak kullan\u0131m<br \/>\nSystem Fit, Integra<\/p>\n","protected":false},"excerpt":{"rendered":"<p>Sa\u011f \u00dcst tablal\u0131 lavabo dolaplar\u0131 ortak kullan\u0131m System Fit, Integra<\/p>\n","protected":false},"featured_media":1716,"comment_status":"open","ping_status":"closed","template":"","meta":[],"product_brand":[],"product_cat":[773],"product_tag":[1776,25,775,723,1769,776,1045,762,782,271,975,724,728,705,686,777,535,761,1768,54,267],"class_list":{"0":"post-1714","1":"product","2":"type-product","3":"status-publish","4":"has-post-thumbnail","6":"product_cat-aski-elemani-parcalari","7":"product_tag-1776","8":"product_tag-aparati","9":"product_tag-aski","10":"product_tag-banyo","11":"product_tag-dolaplari","12":"product_tag-eleman","13":"product_tag-elemani","14":"product_tag-fit","15":"product_tag-integra","16":"product_tag-kullanim","17":"product_tag-lavabo","18":"product_tag-mobilya","19":"product_tag-mobilyalari","20":"product_tag-ortak","21":"product_tag-parca","22":"product_tag-parcalari","23":"product_tag-sag","24":"product_tag-system","25":"product_tag-tablali","26":"product_tag-ust","27":"product_tag-uzun","29":"first","30":"outofstock","31":"shipping-taxable","32":"product-type-simple"},"jetpack_sharing_enabled":true,"_links":{"self":[{"href":"https:\/\/artemavitra.com\/index.php\/wp-json\/wp\/v2\/product\/1714","targetHints":{"allow":["GET"]}}],"collection":[{"href":"https:\/\/artemavitra.com\/index.php\/wp-json\/wp\/v2\/product"}],"about":[{"href":"https:\/\/artemavitra.com\/index.php\/wp-json\/wp\/v2\/types\/product"}],"replies":[{"embeddable":true,"href":"https:\/\/artemavitra.com\/index.php\/wp-json\/wp\/v2\/comments?post=1714"}],"version-history":[{"count":1,"href":"https:\/\/artemavitra.com\/index.php\/wp-json\/wp\/v2\/product\/1714\/revisions"}],"predecessor-version":[{"id":1717,"href":"https:\/\/artemavitra.com\/index.php\/wp-json\/wp\/v2\/product\/1714\/revisions\/1717"}],"wp:featuredmedia":[{"embeddable":true,"href":"https:\/\/artemavitra.com\/index.php\/wp-json\/wp\/v2\/media\/1716"}],"wp:attachment":[{"href":"https:\/\/artemavitra.com\/index.php\/wp-json\/wp\/v2\/media?parent=1714"}],"wp:term":[{"taxonomy":"product_brand","embeddable":true,"href":"https:\/\/artemavitra.com\/index.php\/wp-json\/wp\/v2\/product_brand?post=1714"},{"taxonomy":"product_cat","embeddable":true,"href":"https:\/\/artemavitra.com\/index.php\/wp-json\/wp\/v2\/product_cat?post=1714"},{"taxonomy":"product_tag","embeddable":true,"href":"https:\/\/artemavitra.com\/index.php\/wp-json\/wp\/v2\/product_tag?post=1714"}],"curies":[{"name":"wp","href":"https:\/\/api.w.org\/{rel}","templated":true}]}}