{"id":1718,"date":"2019-12-17T13:49:55","date_gmt":"2019-12-17T10:49:55","guid":{"rendered":"http:\/\/artemavitra.com\/?post_type=product&#038;p=1718"},"modified":"2024-07-22T15:39:15","modified_gmt":"2024-07-22T12:39:15","slug":"uzun-aski-aparati-6605896","status":"publish","type":"product","link":"https:\/\/artemavitra.com\/index.php\/urun\/uzun-aski-aparati-6605896\/","title":{"rendered":"Uzun Ask\u0131 Aparat\u0131 (6605896)"},"content":{"rendered":"<p>Sol<br \/>\nFrame, Freedom, Metropole, Mod, Options Lux, Shift, Integra, Valerta<br \/>\n\u00dcst tablal\u0131 lavabo dolaplar\u0131 ortak kullan\u0131m<\/p>\n","protected":false},"excerpt":{"rendered":"<p>Sol Frame, Freedom, Metropole, Mod, Options Lux, Shift, Integra, Valerta \u00dcst tablal\u0131 lavabo dolaplar\u0131 ortak kullan\u0131m<\/p>\n","protected":false},"featured_media":1719,"comment_status":"open","ping_status":"closed","template":"","meta":[],"product_brand":[],"product_cat":[773],"product_tag":[1777,25,775,723,1769,776,1045,767,350,782,271,975,802,459,724,728,188,801,705,686,777,349,533,1768,54,267,737],"class_list":{"0":"post-1718","1":"product","2":"type-product","3":"status-publish","4":"has-post-thumbnail","6":"product_cat-aski-elemani-parcalari","7":"product_tag-1777","8":"product_tag-aparati","9":"product_tag-aski","10":"product_tag-banyo","11":"product_tag-dolaplari","12":"product_tag-eleman","13":"product_tag-elemani","14":"product_tag-frame","15":"product_tag-freedom","16":"product_tag-integra","17":"product_tag-kullanim","18":"product_tag-lavabo","19":"product_tag-lux","20":"product_tag-metropole","21":"product_tag-mobilya","22":"product_tag-mobilyalari","23":"product_tag-mod","24":"product_tag-options","25":"product_tag-ortak","26":"product_tag-parca","27":"product_tag-parcalari","28":"product_tag-shift","29":"product_tag-sol","30":"product_tag-tablali","31":"product_tag-ust","32":"product_tag-uzun","33":"product_tag-valerta","35":"first","36":"outofstock","37":"shipping-taxable","38":"product-type-simple"},"jetpack_sharing_enabled":true,"_links":{"self":[{"href":"https:\/\/artemavitra.com\/index.php\/wp-json\/wp\/v2\/product\/1718","targetHints":{"allow":["GET"]}}],"collection":[{"href":"https:\/\/artemavitra.com\/index.php\/wp-json\/wp\/v2\/product"}],"about":[{"href":"https:\/\/artemavitra.com\/index.php\/wp-json\/wp\/v2\/types\/product"}],"replies":[{"embeddable":true,"href":"https:\/\/artemavitra.com\/index.php\/wp-json\/wp\/v2\/comments?post=1718"}],"version-history":[{"count":1,"href":"https:\/\/artemavitra.com\/index.php\/wp-json\/wp\/v2\/product\/1718\/revisions"}],"predecessor-version":[{"id":1720,"href":"https:\/\/artemavitra.com\/index.php\/wp-json\/wp\/v2\/product\/1718\/revisions\/1720"}],"wp:featuredmedia":[{"embeddable":true,"href":"https:\/\/artemavitra.com\/index.php\/wp-json\/wp\/v2\/media\/1719"}],"wp:attachment":[{"href":"https:\/\/artemavitra.com\/index.php\/wp-json\/wp\/v2\/media?parent=1718"}],"wp:term":[{"taxonomy":"product_brand","embeddable":true,"href":"https:\/\/artemavitra.com\/index.php\/wp-json\/wp\/v2\/product_brand?post=1718"},{"taxonomy":"product_cat","embeddable":true,"href":"https:\/\/artemavitra.com\/index.php\/wp-json\/wp\/v2\/product_cat?post=1718"},{"taxonomy":"product_tag","embeddable":true,"href":"https:\/\/artemavitra.com\/index.php\/wp-json\/wp\/v2\/product_tag?post=1718"}],"curies":[{"name":"wp","href":"https:\/\/api.w.org\/{rel}","templated":true}]}}