{"id":1760,"date":"2019-12-17T14:07:47","date_gmt":"2019-12-17T11:07:47","guid":{"rendered":"http:\/\/artemavitra.com\/?post_type=product&#038;p=1760"},"modified":"2024-07-22T15:38:56","modified_gmt":"2024-07-22T12:38:56","slug":"dokunmatik-sensor-6611608","status":"publish","type":"product","link":"https:\/\/artemavitra.com\/index.php\/urun\/dokunmatik-sensor-6611608\/","title":{"rendered":"Dokunmatik sens\u00f6r (6611608)"},"content":{"rendered":"<p>Ayd\u0131nlatmal\u0131 ayna<br \/>\nElegance, \u0130stanbul, Memoria, Sento, Nest Trendy<\/p>\n","protected":false},"excerpt":{"rendered":"<p>Ayd\u0131nlatmal\u0131 ayna Elegance, \u0130stanbul, Memoria, Sento, Nest Trendy<\/p>\n","protected":false},"featured_media":1761,"comment_status":"open","ping_status":"closed","template":"","meta":[],"product_brand":[],"product_cat":[812],"product_tag":[1808,1067,814,926,752,723,1809,736,1406,537,156,816,815,794,724,728,754,887,541,457],"class_list":{"0":"post-1760","1":"product","2":"type-product","3":"status-publish","4":"has-post-thumbnail","6":"product_cat-aydinlatmalar","7":"product_tag-1808","8":"product_tag-aydinlatma","9":"product_tag-aydinlatmalar","10":"product_tag-aydinlatmali","11":"product_tag-ayna","12":"product_tag-banyo","13":"product_tag-dokunmatik","14":"product_tag-elegance","15":"product_tag-elektrik","16":"product_tag-elektrikli","17":"product_tag-istanbul","18":"product_tag-malzeme","19":"product_tag-malzemeler","20":"product_tag-memoria","21":"product_tag-mobilya","22":"product_tag-mobilyalari","23":"product_tag-nest","24":"product_tag-nest-trendy","25":"product_tag-sensor","26":"product_tag-sento","28":"first","29":"outofstock","30":"shipping-taxable","31":"product-type-simple"},"jetpack_sharing_enabled":true,"_links":{"self":[{"href":"https:\/\/artemavitra.com\/index.php\/wp-json\/wp\/v2\/product\/1760","targetHints":{"allow":["GET"]}}],"collection":[{"href":"https:\/\/artemavitra.com\/index.php\/wp-json\/wp\/v2\/product"}],"about":[{"href":"https:\/\/artemavitra.com\/index.php\/wp-json\/wp\/v2\/types\/product"}],"replies":[{"embeddable":true,"href":"https:\/\/artemavitra.com\/index.php\/wp-json\/wp\/v2\/comments?post=1760"}],"version-history":[{"count":1,"href":"https:\/\/artemavitra.com\/index.php\/wp-json\/wp\/v2\/product\/1760\/revisions"}],"predecessor-version":[{"id":1762,"href":"https:\/\/artemavitra.com\/index.php\/wp-json\/wp\/v2\/product\/1760\/revisions\/1762"}],"wp:featuredmedia":[{"embeddable":true,"href":"https:\/\/artemavitra.com\/index.php\/wp-json\/wp\/v2\/media\/1761"}],"wp:attachment":[{"href":"https:\/\/artemavitra.com\/index.php\/wp-json\/wp\/v2\/media?parent=1760"}],"wp:term":[{"taxonomy":"product_brand","embeddable":true,"href":"https:\/\/artemavitra.com\/index.php\/wp-json\/wp\/v2\/product_brand?post=1760"},{"taxonomy":"product_cat","embeddable":true,"href":"https:\/\/artemavitra.com\/index.php\/wp-json\/wp\/v2\/product_cat?post=1760"},{"taxonomy":"product_tag","embeddable":true,"href":"https:\/\/artemavitra.com\/index.php\/wp-json\/wp\/v2\/product_tag?post=1760"}],"curies":[{"name":"wp","href":"https:\/\/api.w.org\/{rel}","templated":true}]}}