{"id":1775,"date":"2019-12-17T14:13:57","date_gmt":"2019-12-17T11:13:57","guid":{"rendered":"http:\/\/artemavitra.com\/?post_type=product&#038;p=1775"},"modified":"2024-07-22T15:38:50","modified_gmt":"2024-07-22T12:38:50","slug":"led-takim-60-cm-tek-cekmecedriver-1000-6613950","status":"publish","type":"product","link":"https:\/\/artemavitra.com\/index.php\/urun\/led-takim-60-cm-tek-cekmecedriver-1000-6613950\/","title":{"rendered":"LED tak\u0131m 60 cm Tek \u00e7ekmece+driver 1000 (6613950)"},"content":{"rendered":"<p>Tek \u00e7ekmece+driver 1000<br \/>\nFrame<\/p>\n","protected":false},"excerpt":{"rendered":"<p>Tek \u00e7ekmece+driver 1000 Frame<\/p>\n","protected":false},"featured_media":1776,"comment_status":"open","ping_status":"closed","template":"","meta":[],"product_brand":[],"product_cat":[812],"product_tag":[1821,77,1819,1067,814,723,936,825,1820,1406,537,767,237,816,815,724,728,1574,520],"class_list":{"0":"post-1775","1":"product","2":"type-product","3":"status-publish","4":"has-post-thumbnail","6":"product_cat-aydinlatmalar","7":"product_tag-1821","8":"product_tag-77","9":"product_tag-1819","10":"product_tag-aydinlatma","11":"product_tag-aydinlatmalar","12":"product_tag-banyo","13":"product_tag-cekmece","14":"product_tag-cm","15":"product_tag-driver","16":"product_tag-elektrik","17":"product_tag-elektrikli","18":"product_tag-frame","19":"product_tag-led","20":"product_tag-malzeme","21":"product_tag-malzemeler","22":"product_tag-mobilya","23":"product_tag-mobilyalari","24":"product_tag-takim","25":"product_tag-tek","27":"first","28":"outofstock","29":"shipping-taxable","30":"product-type-simple"},"jetpack_sharing_enabled":true,"_links":{"self":[{"href":"https:\/\/artemavitra.com\/index.php\/wp-json\/wp\/v2\/product\/1775","targetHints":{"allow":["GET"]}}],"collection":[{"href":"https:\/\/artemavitra.com\/index.php\/wp-json\/wp\/v2\/product"}],"about":[{"href":"https:\/\/artemavitra.com\/index.php\/wp-json\/wp\/v2\/types\/product"}],"replies":[{"embeddable":true,"href":"https:\/\/artemavitra.com\/index.php\/wp-json\/wp\/v2\/comments?post=1775"}],"version-history":[{"count":1,"href":"https:\/\/artemavitra.com\/index.php\/wp-json\/wp\/v2\/product\/1775\/revisions"}],"predecessor-version":[{"id":1777,"href":"https:\/\/artemavitra.com\/index.php\/wp-json\/wp\/v2\/product\/1775\/revisions\/1777"}],"wp:featuredmedia":[{"embeddable":true,"href":"https:\/\/artemavitra.com\/index.php\/wp-json\/wp\/v2\/media\/1776"}],"wp:attachment":[{"href":"https:\/\/artemavitra.com\/index.php\/wp-json\/wp\/v2\/media?parent=1775"}],"wp:term":[{"taxonomy":"product_brand","embeddable":true,"href":"https:\/\/artemavitra.com\/index.php\/wp-json\/wp\/v2\/product_brand?post=1775"},{"taxonomy":"product_cat","embeddable":true,"href":"https:\/\/artemavitra.com\/index.php\/wp-json\/wp\/v2\/product_cat?post=1775"},{"taxonomy":"product_tag","embeddable":true,"href":"https:\/\/artemavitra.com\/index.php\/wp-json\/wp\/v2\/product_tag?post=1775"}],"curies":[{"name":"wp","href":"https:\/\/api.w.org\/{rel}","templated":true}]}}