{"id":1820,"date":"2019-12-17T14:35:37","date_gmt":"2019-12-17T11:35:37","guid":{"rendered":"http:\/\/artemavitra.com\/?post_type=product&#038;p=1820"},"modified":"2024-07-22T15:38:30","modified_gmt":"2024-07-22T12:38:30","slug":"trafo6li-coklayicikablo-6612226","status":"publish","type":"product","link":"https:\/\/artemavitra.com\/index.php\/urun\/trafo6li-coklayicikablo-6612226\/","title":{"rendered":"Trafo+6l\u0131 \u00e7oklay\u0131c\u0131+kablo (6612226)"},"content":{"rendered":"<p>Memoria<\/p>\n","protected":false},"excerpt":{"rendered":"<p>Memoria<\/p>\n","protected":false},"featured_media":1821,"comment_status":"open","ping_status":"closed","template":"","meta":[],"product_brand":[],"product_cat":[812],"product_tag":[1849,1850,1067,814,723,833,1406,537,565,816,815,794,724,728,641],"class_list":{"0":"post-1820","1":"product","2":"type-product","3":"status-publish","4":"has-post-thumbnail","6":"product_cat-aydinlatmalar","7":"product_tag-1849","8":"product_tag-6li","9":"product_tag-aydinlatma","10":"product_tag-aydinlatmalar","11":"product_tag-banyo","12":"product_tag-coklayici","13":"product_tag-elektrik","14":"product_tag-elektrikli","15":"product_tag-kablo","16":"product_tag-malzeme","17":"product_tag-malzemeler","18":"product_tag-memoria","19":"product_tag-mobilya","20":"product_tag-mobilyalari","21":"product_tag-trafo","23":"first","24":"outofstock","25":"shipping-taxable","26":"product-type-simple"},"jetpack_sharing_enabled":true,"_links":{"self":[{"href":"https:\/\/artemavitra.com\/index.php\/wp-json\/wp\/v2\/product\/1820","targetHints":{"allow":["GET"]}}],"collection":[{"href":"https:\/\/artemavitra.com\/index.php\/wp-json\/wp\/v2\/product"}],"about":[{"href":"https:\/\/artemavitra.com\/index.php\/wp-json\/wp\/v2\/types\/product"}],"replies":[{"embeddable":true,"href":"https:\/\/artemavitra.com\/index.php\/wp-json\/wp\/v2\/comments?post=1820"}],"version-history":[{"count":1,"href":"https:\/\/artemavitra.com\/index.php\/wp-json\/wp\/v2\/product\/1820\/revisions"}],"predecessor-version":[{"id":1822,"href":"https:\/\/artemavitra.com\/index.php\/wp-json\/wp\/v2\/product\/1820\/revisions\/1822"}],"wp:featuredmedia":[{"embeddable":true,"href":"https:\/\/artemavitra.com\/index.php\/wp-json\/wp\/v2\/media\/1821"}],"wp:attachment":[{"href":"https:\/\/artemavitra.com\/index.php\/wp-json\/wp\/v2\/media?parent=1820"}],"wp:term":[{"taxonomy":"product_brand","embeddable":true,"href":"https:\/\/artemavitra.com\/index.php\/wp-json\/wp\/v2\/product_brand?post=1820"},{"taxonomy":"product_cat","embeddable":true,"href":"https:\/\/artemavitra.com\/index.php\/wp-json\/wp\/v2\/product_cat?post=1820"},{"taxonomy":"product_tag","embeddable":true,"href":"https:\/\/artemavitra.com\/index.php\/wp-json\/wp\/v2\/product_tag?post=1820"}],"curies":[{"name":"wp","href":"https:\/\/api.w.org\/{rel}","templated":true}]}}