{"id":1858,"date":"2019-12-17T16:44:25","date_gmt":"2019-12-17T13:44:25","guid":{"rendered":"http:\/\/artemavitra.com\/?post_type=product&#038;p=1858"},"modified":"2024-07-22T15:38:15","modified_gmt":"2024-07-22T12:38:15","slug":"650-mm-ledhareket-sensoru-fisli-set-6612894","status":"publish","type":"product","link":"https:\/\/artemavitra.com\/index.php\/urun\/650-mm-ledhareket-sensoru-fisli-set-6612894\/","title":{"rendered":"650 mm LED+hareket sens\u00f6r\u00fc fi\u015fli set (6612894)"},"content":{"rendered":"<p>D-Light<\/p>\n","protected":false},"excerpt":{"rendered":"<p>D-Light<\/p>\n","protected":false},"featured_media":1859,"comment_status":"open","ping_status":"closed","template":"","meta":[],"product_brand":[],"product_cat":[812],"product_tag":[1817,1877,1067,814,723,957,1406,537,1818,1870,237,816,815,465,724,728,1871,230],"class_list":{"0":"post-1858","1":"product","2":"type-product","3":"status-publish","4":"has-post-thumbnail","6":"product_cat-aydinlatmalar","7":"product_tag-1817","8":"product_tag-1877","9":"product_tag-aydinlatma","10":"product_tag-aydinlatmalar","11":"product_tag-banyo","12":"product_tag-d-light","13":"product_tag-elektrik","14":"product_tag-elektrikli","15":"product_tag-fisli","16":"product_tag-hareket","17":"product_tag-led","18":"product_tag-malzeme","19":"product_tag-malzemeler","20":"product_tag-mm","21":"product_tag-mobilya","22":"product_tag-mobilyalari","23":"product_tag-sensoru","24":"product_tag-set","26":"first","27":"outofstock","28":"shipping-taxable","29":"product-type-simple"},"jetpack_sharing_enabled":true,"_links":{"self":[{"href":"https:\/\/artemavitra.com\/index.php\/wp-json\/wp\/v2\/product\/1858","targetHints":{"allow":["GET"]}}],"collection":[{"href":"https:\/\/artemavitra.com\/index.php\/wp-json\/wp\/v2\/product"}],"about":[{"href":"https:\/\/artemavitra.com\/index.php\/wp-json\/wp\/v2\/types\/product"}],"replies":[{"embeddable":true,"href":"https:\/\/artemavitra.com\/index.php\/wp-json\/wp\/v2\/comments?post=1858"}],"version-history":[{"count":1,"href":"https:\/\/artemavitra.com\/index.php\/wp-json\/wp\/v2\/product\/1858\/revisions"}],"predecessor-version":[{"id":1860,"href":"https:\/\/artemavitra.com\/index.php\/wp-json\/wp\/v2\/product\/1858\/revisions\/1860"}],"wp:featuredmedia":[{"embeddable":true,"href":"https:\/\/artemavitra.com\/index.php\/wp-json\/wp\/v2\/media\/1859"}],"wp:attachment":[{"href":"https:\/\/artemavitra.com\/index.php\/wp-json\/wp\/v2\/media?parent=1858"}],"wp:term":[{"taxonomy":"product_brand","embeddable":true,"href":"https:\/\/artemavitra.com\/index.php\/wp-json\/wp\/v2\/product_brand?post=1858"},{"taxonomy":"product_cat","embeddable":true,"href":"https:\/\/artemavitra.com\/index.php\/wp-json\/wp\/v2\/product_cat?post=1858"},{"taxonomy":"product_tag","embeddable":true,"href":"https:\/\/artemavitra.com\/index.php\/wp-json\/wp\/v2\/product_tag?post=1858"}],"curies":[{"name":"wp","href":"https:\/\/api.w.org\/{rel}","templated":true}]}}