{"id":1890,"date":"2019-12-17T16:56:45","date_gmt":"2019-12-17T13:56:45","guid":{"rendered":"http:\/\/artemavitra.com\/?post_type=product&#038;p=1890"},"modified":"2024-07-22T15:38:00","modified_gmt":"2024-07-22T12:38:00","slug":"1050-mm-ledhareket-sensoru-fisli-set-6612898","status":"publish","type":"product","link":"https:\/\/artemavitra.com\/index.php\/urun\/1050-mm-ledhareket-sensoru-fisli-set-6612898\/","title":{"rendered":"1050 mm LED+hareket sens\u00f6r\u00fc fi\u015fli set (6612898)"},"content":{"rendered":"<p>D-Light<\/p>\n","protected":false},"excerpt":{"rendered":"<p>D-Light<\/p>\n","protected":false},"featured_media":1891,"comment_status":"open","ping_status":"closed","template":"","meta":[],"product_brand":[],"product_cat":[812],"product_tag":[1848,1897,1067,814,723,957,1406,537,1818,1870,237,816,815,465,724,728,1871,230],"class_list":{"0":"post-1890","1":"product","2":"type-product","3":"status-publish","4":"has-post-thumbnail","6":"product_cat-aydinlatmalar","7":"product_tag-1848","8":"product_tag-1897","9":"product_tag-aydinlatma","10":"product_tag-aydinlatmalar","11":"product_tag-banyo","12":"product_tag-d-light","13":"product_tag-elektrik","14":"product_tag-elektrikli","15":"product_tag-fisli","16":"product_tag-hareket","17":"product_tag-led","18":"product_tag-malzeme","19":"product_tag-malzemeler","20":"product_tag-mm","21":"product_tag-mobilya","22":"product_tag-mobilyalari","23":"product_tag-sensoru","24":"product_tag-set","26":"first","27":"outofstock","28":"shipping-taxable","29":"product-type-simple"},"jetpack_sharing_enabled":true,"_links":{"self":[{"href":"https:\/\/artemavitra.com\/index.php\/wp-json\/wp\/v2\/product\/1890","targetHints":{"allow":["GET"]}}],"collection":[{"href":"https:\/\/artemavitra.com\/index.php\/wp-json\/wp\/v2\/product"}],"about":[{"href":"https:\/\/artemavitra.com\/index.php\/wp-json\/wp\/v2\/types\/product"}],"replies":[{"embeddable":true,"href":"https:\/\/artemavitra.com\/index.php\/wp-json\/wp\/v2\/comments?post=1890"}],"version-history":[{"count":1,"href":"https:\/\/artemavitra.com\/index.php\/wp-json\/wp\/v2\/product\/1890\/revisions"}],"predecessor-version":[{"id":1892,"href":"https:\/\/artemavitra.com\/index.php\/wp-json\/wp\/v2\/product\/1890\/revisions\/1892"}],"wp:featuredmedia":[{"embeddable":true,"href":"https:\/\/artemavitra.com\/index.php\/wp-json\/wp\/v2\/media\/1891"}],"wp:attachment":[{"href":"https:\/\/artemavitra.com\/index.php\/wp-json\/wp\/v2\/media?parent=1890"}],"wp:term":[{"taxonomy":"product_brand","embeddable":true,"href":"https:\/\/artemavitra.com\/index.php\/wp-json\/wp\/v2\/product_brand?post=1890"},{"taxonomy":"product_cat","embeddable":true,"href":"https:\/\/artemavitra.com\/index.php\/wp-json\/wp\/v2\/product_cat?post=1890"},{"taxonomy":"product_tag","embeddable":true,"href":"https:\/\/artemavitra.com\/index.php\/wp-json\/wp\/v2\/product_tag?post=1890"}],"curies":[{"name":"wp","href":"https:\/\/api.w.org\/{rel}","templated":true}]}}