{"id":1899,"date":"2019-12-17T17:00:27","date_gmt":"2019-12-17T14:00:27","guid":{"rendered":"http:\/\/artemavitra.com\/?post_type=product&#038;p=1899"},"modified":"2024-07-22T15:37:56","modified_gmt":"2024-07-22T12:37:56","slug":"aydinlatma-6608417","status":"publish","type":"product","link":"https:\/\/artemavitra.com\/index.php\/urun\/aydinlatma-6608417\/","title":{"rendered":"Ayd\u0131nlatma (6608417)"},"content":{"rendered":"<p>50 cm ayna ve dolapl\u0131 ayna i\u00e7in<br \/>\nT4<\/p>\n","protected":false},"excerpt":{"rendered":"<p>50 cm ayna ve dolapl\u0131 ayna i\u00e7in T4<\/p>\n","protected":false},"featured_media":1900,"comment_status":"open","ping_status":"closed","template":"","meta":[],"product_brand":[],"product_cat":[812],"product_tag":[1904,1067,814,723,1406,537,816,815,724,728],"class_list":{"0":"post-1899","1":"product","2":"type-product","3":"status-publish","4":"has-post-thumbnail","6":"product_cat-aydinlatmalar","7":"product_tag-1904","8":"product_tag-aydinlatma","9":"product_tag-aydinlatmalar","10":"product_tag-banyo","11":"product_tag-elektrik","12":"product_tag-elektrikli","13":"product_tag-malzeme","14":"product_tag-malzemeler","15":"product_tag-mobilya","16":"product_tag-mobilyalari","18":"first","19":"outofstock","20":"shipping-taxable","21":"product-type-simple"},"jetpack_sharing_enabled":true,"_links":{"self":[{"href":"https:\/\/artemavitra.com\/index.php\/wp-json\/wp\/v2\/product\/1899","targetHints":{"allow":["GET"]}}],"collection":[{"href":"https:\/\/artemavitra.com\/index.php\/wp-json\/wp\/v2\/product"}],"about":[{"href":"https:\/\/artemavitra.com\/index.php\/wp-json\/wp\/v2\/types\/product"}],"replies":[{"embeddable":true,"href":"https:\/\/artemavitra.com\/index.php\/wp-json\/wp\/v2\/comments?post=1899"}],"version-history":[{"count":1,"href":"https:\/\/artemavitra.com\/index.php\/wp-json\/wp\/v2\/product\/1899\/revisions"}],"predecessor-version":[{"id":1901,"href":"https:\/\/artemavitra.com\/index.php\/wp-json\/wp\/v2\/product\/1899\/revisions\/1901"}],"wp:featuredmedia":[{"embeddable":true,"href":"https:\/\/artemavitra.com\/index.php\/wp-json\/wp\/v2\/media\/1900"}],"wp:attachment":[{"href":"https:\/\/artemavitra.com\/index.php\/wp-json\/wp\/v2\/media?parent=1899"}],"wp:term":[{"taxonomy":"product_brand","embeddable":true,"href":"https:\/\/artemavitra.com\/index.php\/wp-json\/wp\/v2\/product_brand?post=1899"},{"taxonomy":"product_cat","embeddable":true,"href":"https:\/\/artemavitra.com\/index.php\/wp-json\/wp\/v2\/product_cat?post=1899"},{"taxonomy":"product_tag","embeddable":true,"href":"https:\/\/artemavitra.com\/index.php\/wp-json\/wp\/v2\/product_tag?post=1899"}],"curies":[{"name":"wp","href":"https:\/\/api.w.org\/{rel}","templated":true}]}}