{"id":1954,"date":"2019-12-17T17:26:10","date_gmt":"2019-12-17T14:26:10","guid":{"rendered":"http:\/\/artemavitra.com\/?post_type=product&#038;p=1954"},"modified":"2024-07-22T15:37:31","modified_gmt":"2024-07-22T12:37:31","slug":"aydinlatma-6608431","status":"publish","type":"product","link":"https:\/\/artemavitra.com\/index.php\/urun\/aydinlatma-6608431\/","title":{"rendered":"Ayd\u0131nlatma (6608431)"},"content":{"rendered":"<p>130 cm ayna ve dolapl\u0131 ayna i\u00e7in<br \/>\nT4<\/p>\n","protected":false},"excerpt":{"rendered":"<p>130 cm ayna ve dolapl\u0131 ayna i\u00e7in T4<\/p>\n","protected":false},"featured_media":1955,"comment_status":"open","ping_status":"closed","template":"","meta":[],"product_brand":[],"product_cat":[812],"product_tag":[982,1940,1067,814,752,723,825,868,1406,537,166,816,815,724,728,743,966],"class_list":{"0":"post-1954","1":"product","2":"type-product","3":"status-publish","4":"has-post-thumbnail","6":"product_cat-aydinlatmalar","7":"product_tag-982","8":"product_tag-1940","9":"product_tag-aydinlatma","10":"product_tag-aydinlatmalar","11":"product_tag-ayna","12":"product_tag-banyo","13":"product_tag-cm","14":"product_tag-dolapli","15":"product_tag-elektrik","16":"product_tag-elektrikli","17":"product_tag-icin","18":"product_tag-malzeme","19":"product_tag-malzemeler","20":"product_tag-mobilya","21":"product_tag-mobilyalari","22":"product_tag-t4","23":"product_tag-ve","25":"first","26":"outofstock","27":"shipping-taxable","28":"product-type-simple"},"jetpack_sharing_enabled":true,"_links":{"self":[{"href":"https:\/\/artemavitra.com\/index.php\/wp-json\/wp\/v2\/product\/1954","targetHints":{"allow":["GET"]}}],"collection":[{"href":"https:\/\/artemavitra.com\/index.php\/wp-json\/wp\/v2\/product"}],"about":[{"href":"https:\/\/artemavitra.com\/index.php\/wp-json\/wp\/v2\/types\/product"}],"replies":[{"embeddable":true,"href":"https:\/\/artemavitra.com\/index.php\/wp-json\/wp\/v2\/comments?post=1954"}],"version-history":[{"count":1,"href":"https:\/\/artemavitra.com\/index.php\/wp-json\/wp\/v2\/product\/1954\/revisions"}],"predecessor-version":[{"id":1956,"href":"https:\/\/artemavitra.com\/index.php\/wp-json\/wp\/v2\/product\/1954\/revisions\/1956"}],"wp:featuredmedia":[{"embeddable":true,"href":"https:\/\/artemavitra.com\/index.php\/wp-json\/wp\/v2\/media\/1955"}],"wp:attachment":[{"href":"https:\/\/artemavitra.com\/index.php\/wp-json\/wp\/v2\/media?parent=1954"}],"wp:term":[{"taxonomy":"product_brand","embeddable":true,"href":"https:\/\/artemavitra.com\/index.php\/wp-json\/wp\/v2\/product_brand?post=1954"},{"taxonomy":"product_cat","embeddable":true,"href":"https:\/\/artemavitra.com\/index.php\/wp-json\/wp\/v2\/product_cat?post=1954"},{"taxonomy":"product_tag","embeddable":true,"href":"https:\/\/artemavitra.com\/index.php\/wp-json\/wp\/v2\/product_tag?post=1954"}],"curies":[{"name":"wp","href":"https:\/\/api.w.org\/{rel}","templated":true}]}}