{"id":201,"date":"2019-12-13T11:05:26","date_gmt":"2019-12-13T08:05:26","guid":{"rendered":"http:\/\/artemavitra.com\/?post_type=product&#038;p=201"},"modified":"2024-07-22T15:49:35","modified_gmt":"2024-07-22T12:49:35","slug":"bide-sabitleyici-adaptor-412246yp1te","status":"publish","type":"product","link":"https:\/\/artemavitra.com\/index.php\/urun\/bide-sabitleyici-adaptor-412246yp1te\/","title":{"rendered":"Bide sabitleyici adapt\u00f6r (412246YP1TE)"},"content":{"rendered":"<p>\u0130stanbul bide 49-67<br \/>\n\u0130stanbul bide alt kapak sabitleyici adapt\u00f6r\u00fc<\/p>\n","protected":false},"excerpt":{"rendered":"<p>\u0130stanbul bide 49-67 \u0130stanbul bide alt kapak sabitleyici adapt\u00f6r\u00fc<\/p>\n","protected":false},"featured_media":202,"comment_status":"open","ping_status":"closed","template":"","meta":[],"product_brand":[],"product_cat":[18],"product_tag":[326,224,155,328,46,157,156,22,21,20,38,39,57,327],"class_list":{"0":"post-201","1":"product","2":"type-product","3":"status-publish","4":"has-post-thumbnail","6":"product_cat-klozet-kapaklari","7":"product_tag-412246yp1te","8":"product_tag-224","9":"product_tag-155","10":"product_tag-adaptor","11":"product_tag-alt","12":"product_tag-bide","13":"product_tag-istanbul","14":"product_tag-kapagi","15":"product_tag-kapak","16":"product_tag-klozet","17":"product_tag-mentese","18":"product_tag-mentesesi","19":"product_tag-sabit","20":"product_tag-sabitleyici","22":"first","23":"instock","24":"shipping-taxable","25":"product-type-simple"},"jetpack_sharing_enabled":true,"_links":{"self":[{"href":"https:\/\/artemavitra.com\/index.php\/wp-json\/wp\/v2\/product\/201","targetHints":{"allow":["GET"]}}],"collection":[{"href":"https:\/\/artemavitra.com\/index.php\/wp-json\/wp\/v2\/product"}],"about":[{"href":"https:\/\/artemavitra.com\/index.php\/wp-json\/wp\/v2\/types\/product"}],"replies":[{"embeddable":true,"href":"https:\/\/artemavitra.com\/index.php\/wp-json\/wp\/v2\/comments?post=201"}],"version-history":[{"count":0,"href":"https:\/\/artemavitra.com\/index.php\/wp-json\/wp\/v2\/product\/201\/revisions"}],"wp:featuredmedia":[{"embeddable":true,"href":"https:\/\/artemavitra.com\/index.php\/wp-json\/wp\/v2\/media\/202"}],"wp:attachment":[{"href":"https:\/\/artemavitra.com\/index.php\/wp-json\/wp\/v2\/media?parent=201"}],"wp:term":[{"taxonomy":"product_brand","embeddable":true,"href":"https:\/\/artemavitra.com\/index.php\/wp-json\/wp\/v2\/product_brand?post=201"},{"taxonomy":"product_cat","embeddable":true,"href":"https:\/\/artemavitra.com\/index.php\/wp-json\/wp\/v2\/product_cat?post=201"},{"taxonomy":"product_tag","embeddable":true,"href":"https:\/\/artemavitra.com\/index.php\/wp-json\/wp\/v2\/product_tag?post=201"}],"curies":[{"name":"wp","href":"https:\/\/api.w.org\/{rel}","templated":true}]}}